{"id":166,"date":"2023-07-13T12:40:46","date_gmt":"2023-07-13T12:40:46","guid":{"rendered":"https:\/\/kaunas2022.eu\/maptablet\/?page_id=166"},"modified":"2023-07-13T13:15:00","modified_gmt":"2023-07-13T13:15:00","slug":"map","status":"publish","type":"page","link":"https:\/\/kaunas2022.eu\/maptablet\/map\/","title":{"rendered":"\u017dem\u0117lapis"},"content":{"rendered":"\t\t<div data-elementor-type=\"wp-page\" data-elementor-id=\"166\" class=\"elementor elementor-166 elementor-3015\">\n\t\t\t\t\t\t\t\t\t<section class=\"elementor-section elementor-top-section elementor-element elementor-element-6c04ed7 elementor-section-boxed elementor-section-height-default elementor-section-height-default\" data-id=\"6c04ed7\" data-element_type=\"section\" data-settings=\"{&quot;background_background&quot;:&quot;classic&quot;}\">\n\t\t\t\t\t\t<div class=\"elementor-container elementor-column-gap-default\">\n\t\t\t\t\t<div class=\"elementor-column elementor-col-100 elementor-top-column elementor-element elementor-element-45dec63\" data-id=\"45dec63\" data-element_type=\"column\">\n\t\t\t<div class=\"elementor-widget-wrap elementor-element-populated\">\n\t\t\t\t\t\t\t\t<div class=\"elementor-element elementor-element-a0aa1cc elementor-widget elementor-widget-heading\" data-id=\"a0aa1cc\" data-element_type=\"widget\" data-widget_type=\"heading.default\">\n\t\t\t\t<div class=\"elementor-widget-container\">\n\t\t\t<style>\/*! elementor - v3.13.3 - 28-05-2023 *\/\n.elementor-heading-title{padding:0;margin:0;line-height:1}.elementor-widget-heading .elementor-heading-title[class*=elementor-size-]>a{color:inherit;font-size:inherit;line-height:inherit}.elementor-widget-heading .elementor-heading-title.elementor-size-small{font-size:15px}.elementor-widget-heading .elementor-heading-title.elementor-size-medium{font-size:19px}.elementor-widget-heading .elementor-heading-title.elementor-size-large{font-size:29px}.elementor-widget-heading .elementor-heading-title.elementor-size-xl{font-size:39px}.elementor-widget-heading .elementor-heading-title.elementor-size-xxl{font-size:59px}<\/style><h2 class=\"elementor-heading-title elementor-size-default\">Kur pamatyti Kaunas 2022 palikim\u0105?<\/h2>\t\t<\/div>\n\t\t\t\t<\/div>\n\t\t\t\t<section class=\"elementor-section elementor-inner-section elementor-element elementor-element-b6454cd elementor-section-boxed elementor-section-height-default elementor-section-height-default\" data-id=\"b6454cd\" data-element_type=\"section\">\n\t\t\t\t\t\t<div class=\"elementor-container elementor-column-gap-default\">\n\t\t\t\t\t<div class=\"elementor-column elementor-col-33 elementor-inner-column elementor-element elementor-element-cfa6d24\" data-id=\"cfa6d24\" data-element_type=\"column\">\n\t\t\t<div class=\"elementor-widget-wrap\">\n\t\t\t\t\t\t\t\t\t<\/div>\n\t\t<\/div>\n\t\t\t\t<div class=\"elementor-column elementor-col-33 elementor-inner-column elementor-element elementor-element-defac14\" data-id=\"defac14\" data-element_type=\"column\">\n\t\t\t<div class=\"elementor-widget-wrap\">\n\t\t\t\t\t\t\t\t\t<\/div>\n\t\t<\/div>\n\t\t\t\t<div class=\"elementor-column elementor-col-33 elementor-inner-column elementor-element elementor-element-4e77b0b\" data-id=\"4e77b0b\" data-element_type=\"column\">\n\t\t\t<div class=\"elementor-widget-wrap elementor-element-populated\">\n\t\t\t\t\t\t\t\t<div class=\"elementor-element elementor-element-ff30aed elementor-widget elementor-widget-shortcode\" data-id=\"ff30aed\" data-element_type=\"widget\" data-widget_type=\"shortcode.default\">\n\t\t\t\t<div class=\"elementor-widget-container\">\n\t\t\t\t\t<div class=\"elementor-shortcode\">\n<div class=\"wpml-ls-statics-shortcode_actions wpml-ls wpml-ls-legacy-list-horizontal\">\n\t<ul><li class=\"wpml-ls-slot-shortcode_actions wpml-ls-item wpml-ls-item-en wpml-ls-first-item wpml-ls-item-legacy-list-horizontal\">\n\t\t\t\t<a href=\"https:\/\/kaunas2022.eu\/maptablet\/en\/\" class=\"wpml-ls-link\">\n                                                        <img decoding=\"async\"\n            class=\"wpml-ls-flag\"\n            src=\"https:\/\/kaunas2022.eu\/maptablet\/wp-content\/plugins\/sitepress-multilingual-cms\/res\/flags\/en.svg\"\n            alt=\"\"\n            width=18\n            height=12\n    \/><span class=\"wpml-ls-display\">English<\/span><\/a>\n\t\t\t<\/li><li class=\"wpml-ls-slot-shortcode_actions wpml-ls-item wpml-ls-item-lt wpml-ls-current-language wpml-ls-last-item wpml-ls-item-legacy-list-horizontal\">\n\t\t\t\t<a href=\"https:\/\/kaunas2022.eu\/maptablet\" class=\"wpml-ls-link\">\n                                                        <img decoding=\"async\"\n            class=\"wpml-ls-flag\"\n            src=\"https:\/\/kaunas2022.eu\/maptablet\/wp-content\/plugins\/sitepress-multilingual-cms\/res\/flags\/lt.svg\"\n            alt=\"\"\n            width=18\n            height=12\n    \/><span class=\"wpml-ls-native\">Lietuvi\u0173<\/span><\/a>\n\t\t\t<\/li><\/ul>\n<\/div>\n<\/div>\n\t\t\t\t<\/div>\n\t\t\t\t<\/div>\n\t\t\t\t\t<\/div>\n\t\t<\/div>\n\t\t\t\t\t\t\t<\/div>\n\t\t<\/section>\n\t\t\t\t\t<\/div>\n\t\t<\/div>\n\t\t\t\t\t\t\t<\/div>\n\t\t<\/section>\n\t\t\t\t<section class=\"elementor-section elementor-top-section elementor-element elementor-element-b7d540c elementor-section-boxed elementor-section-height-default elementor-section-height-default\" data-id=\"b7d540c\" data-element_type=\"section\" data-settings=\"{&quot;background_background&quot;:&quot;classic&quot;}\">\n\t\t\t\t\t\t<div class=\"elementor-container elementor-column-gap-default\">\n\t\t\t\t\t<div class=\"elementor-column elementor-col-100 elementor-top-column elementor-element elementor-element-56b2a03\" data-id=\"56b2a03\" data-element_type=\"column\">\n\t\t\t<div class=\"elementor-widget-wrap elementor-element-populated\">\n\t\t\t\t\t\t\t\t<section class=\"elementor-section elementor-inner-section elementor-element elementor-element-b7f6a22 elementor-section-boxed elementor-section-height-default elementor-section-height-default\" data-id=\"b7f6a22\" data-element_type=\"section\">\n\t\t\t\t\t\t<div class=\"elementor-container elementor-column-gap-default\">\n\t\t\t\t\t<div class=\"elementor-column elementor-col-100 elementor-inner-column elementor-element elementor-element-f2d33e5\" data-id=\"f2d33e5\" data-element_type=\"column\">\n\t\t\t<div class=\"elementor-widget-wrap elementor-element-populated\">\n\t\t\t\t\t\t\t\t<div class=\"elementor-element elementor-element-90bb954 elementor-widget elementor-widget-text-editor\" data-id=\"90bb954\" data-element_type=\"widget\" data-widget_type=\"text-editor.default\">\n\t\t\t\t<div class=\"elementor-widget-container\">\n\t\t\t<style>\/*! elementor - v3.13.3 - 28-05-2023 *\/\n.elementor-widget-text-editor.elementor-drop-cap-view-stacked .elementor-drop-cap{background-color:#69727d;color:#fff}.elementor-widget-text-editor.elementor-drop-cap-view-framed .elementor-drop-cap{color:#69727d;border:3px solid;background-color:transparent}.elementor-widget-text-editor:not(.elementor-drop-cap-view-default) .elementor-drop-cap{margin-top:8px}.elementor-widget-text-editor:not(.elementor-drop-cap-view-default) .elementor-drop-cap-letter{width:1em;height:1em}.elementor-widget-text-editor .elementor-drop-cap{float:left;text-align:center;line-height:1;font-size:50px}.elementor-widget-text-editor .elementor-drop-cap-letter{display:inline-block}<\/style>\t\t\t\t<p>2022-aisiais Kaunas buvo Europos kult\u016bros sostine. Kelet\u0105 met\u0173 prie\u0161, ir pa\u010dio titulo metais, Kaune ir Kauno rajone knib\u017ed\u0117jo daugyb\u0117 kult\u016brini\u0173 \u012fvyki\u0173. Ilgai kurtas projektas \u2013 jau baigtas, ta\u010diau mieste liko gyvas jo palikimas. Atraskite ry\u0161kiausius projekto p\u0117dsakus \u0161iame \u017eem\u0117lapyje:<\/p>\t\t\t\t\t\t<\/div>\n\t\t\t\t<\/div>\n\t\t\t\t\t<\/div>\n\t\t<\/div>\n\t\t\t\t\t\t\t<\/div>\n\t\t<\/section>\n\t\t\t\t\t<\/div>\n\t\t<\/div>\n\t\t\t\t\t\t\t<\/div>\n\t\t<\/section>\n\t\t\t\t<section class=\"elementor-section elementor-top-section elementor-element elementor-element-17660ab elementor-section-full_width elementor-section-height-default elementor-section-height-default\" data-id=\"17660ab\" data-element_type=\"section\" data-settings=\"{&quot;background_background&quot;:&quot;classic&quot;}\">\n\t\t\t\t\t\t<div class=\"elementor-container elementor-column-gap-default\">\n\t\t\t\t\t<div class=\"elementor-column elementor-col-100 elementor-top-column elementor-element elementor-element-fa8dfa8\" data-id=\"fa8dfa8\" data-element_type=\"column\">\n\t\t\t<div class=\"elementor-widget-wrap elementor-element-populated\">\n\t\t\t\t\t\t\t\t<div class=\"elementor-element elementor-element-da28c5d elementor-widget elementor-widget-shortcode\" data-id=\"da28c5d\" data-element_type=\"widget\" data-widget_type=\"shortcode.default\">\n\t\t\t\t<div class=\"elementor-widget-container\">\n\t\t\t\t\t<div class=\"elementor-shortcode\"><div class=\"codespacing_progress_map_area cspm_linear_gradient_bg\" data-map-id=\"map168\" data-show-infobox=\"false\" data-infobox-display-event=\"onhover\"  style=\"width:100%; height:834px;\"><input type=\"hidden\" name=\"cspm_map_page_id_map168\" id=\"cspm_map_page_id_map168\" value=\"166\" \/><div class=\"cspm-row\" style=\"margin:0; padding:0;\"><div class=\"cspm-col-lg-12 cspm-col-xs-12 cspm-col-sm-12 cspm-col-md-12\" style=\"position:relative; overflow:hidden; margin:0; padding:0;\"><div class=\"cspm_custom_controls\" data-map-id=\"map168\"><div class=\"cspm_map_red_msg_widget cspm_border_shadow cspm_border_radius\" data-map-id=\"map168\"><\/div><div class=\"cspm_map_green_msg_widget cspm_border_shadow cspm_border_radius\" data-map-id=\"map168\"><\/div><div class=\"cspm_map_orange_msg_widget cspm_border_shadow cspm_border_radius\" data-map-id=\"map168\"><\/div><div class=\"cspm_map_blue_msg_widget cspm_border_shadow cspm_border_radius\" data-map-id=\"map168\"><\/div><div class=\"cspm_map_help_msg_widget cspm_border_shadow cspm_border_radius\" data-map-id=\"map168\"><\/div><div id=\"pulsating_holder\" class=\"map168_pulsating\"><div class=\"dot cspm_border_hex\"><\/div><\/div><div class=\"cluster_posts_widget_map168 cspm_border_shadow cspm_border_radius\"><div class=\"cspm_infobox_spinner cspm_border_top_after_hex\"><\/div><\/div><div class=\"cspm_recenter_map_btn cspm_map_btn cspm_border_shadow cspm_border_radius\" data-map-id=\"map168\" title=\"Recenter the map\" style=\"top:10px\"><img decoding=\"async\" class=\"cspm_svg cspm_svg_colored\" src=\"https:\/\/kaunas2022.eu\/maptablet\/wp-content\/plugins\/codespacing-progress-map\/img\/svg\/recenter.svg\" \/><\/div><div class=\"cspmmf_btn cspm_map_btn cspm_expand_map_btn cspm_border_shadow cspm_border_radius\" data-map-id=\"map168\" id=\"cspmmf_btn\" data-action=\"toggle\" data-side=\"left\" data-filter-width=\"300px\" data-filter-height=\"400px\" style=\"top:60px\" title=\"Markers Filter\"><img decoding=\"async\" class=\"cspm_svg cspm_element_btn_check\" src=\"https:\/\/kaunas2022.eu\/maptablet\/wp-content\/plugins\/progress-map-markers-filter\/assets\/img\/svg\/check.svg\" data-related-btn-id=\"cspmdr_btn\" data-map-id=\"map168\" \/><img decoding=\"async\" class=\"cspm_svg cspm_svg_colored\" src=\"https:\/\/kaunas2022.eu\/maptablet\/wp-content\/plugins\/progress-map-markers-filter\/assets\/img\/svg\/refine.svg\" alt=\"Filtruoti\" title=\"Filtruoti\" \/><\/div>\r\n                <div class=\"cspmmf_markers_filter_container left cspm_border_shadow cspm_border_radius cspmmf_hide_before_load\" \r\n                     data-map-id=\"map168\" \r\n                     data-show-carousel=\"no\" \r\n                     data-ext=\"\"\r\n                     data-map-type=\"normal_map\" \r\n                     data-post-type=\"post\" \r\n                     data-post-status=\"publish\" \r\n                     data-init-post-ids=\"1892,1526,1524,1520,1518,1516,1514,1512,1510,1508,1506,1504,1502,1500,1498,1494,1492,1490,1488,1486,1484,1482,1480,1478,1476,1400,1398,1301,1262,1258,1252,1249,1246,1243,1240,1236,1227,1223,1219,1215,1211,1208,1204,1200,1196,1193,1190,1187,1184,1181,1178,1175,1172,1169,1166,1163,1160,1157,1153,1150,1147,1144,1140,1136,1132,1128,1124,1120,1116,1112,1107,1103,1099,1095,1091,1087,1082,1078,1066,1061,1056,1049,1045,1044,1040,1033,1023,749,746,743,740,737,734,731,727,724,718,715,712,709,707,704,701,698,695,691,688,686,684,682,680,678,676,673,671,668,666,663,661,659,656,653,650,645,642,639,636,633,623,612,609,606,603,599,596,533\" \r\n                     data-page-url=\"https:\/\/kaunas2022.eu\/maptablet\/wp-json\/wp\/v2\/pages\/166\" \r\n                     data-location=\"left\" \r\n                     data-width=\"300px\" \r\n                     data-height=\"400px\" \r\n                     data-sync-all-fields=\"true\" \r\n                     data-on-the-fly-filter=\"true\">\r\n                   \t \r\n                                        \r\n                        <a class=\"cspmmf_filter_title cspm_bg_rgb_hover\" data-map-id=\"map168\" title=\"U\u017edaryti\">\r\n                            <img decoding=\"async\" src=\"https:\/\/kaunas2022.eu\/maptablet\/wp-content\/plugins\/progress-map-markers-filter\/assets\/img\/svg\/close.svg\" class=\"cspm_svg cspm_svg_white\" \/> Filtruoti                        <\/a>                    \r\n                    <div class=\"cspmmf_filter_options_container\" data-map-id=\"map168\">\r\n                       \r\n                        <div class=\"cspmmf_filter_to_toggle block\" data-map-id=\"map168\">\r\n                                \r\n                            \r\n                                    <div class=\"cspmmf_filter_options_list\">\r\n\r\n                                        \r\n                                            <div class=\"cspmmf_filter_field_title cspm_txt_hex_hover\" \r\n                                                 data-map-id=\"map168\" \r\n                                                 data-field-name=\"post_tag\" \r\n                                                 data-field-type=\"taxonomy_term\" \r\n                                                 data-display-type=\"list\" \r\n                                                 data-options-init-display-status=\"true\" \r\n                                                 data-options-display-status=\"true\">\r\n                                                <i class=\"fa icon-angle-right\"><\/i> Objektai                                                                                            <\/div>\r\n\r\n                                            \r\n                                            <div class=\"cspmmf_filter_field_options list cspm_border_radius \" \r\n                                                 data-map-id=\"map168\" \r\n                                                 data-field-name=\"post_tag\" \r\n                                                 data-field-type=\"taxonomy_term\" \r\n                                                 data-count-options=\"6\" \r\n                                                 data-field-display-type=\"list\">\r\n                    \r\n                                                <select class=\"cspmmf_filter_select \"\r\n                                                    name=\"post_tag\" \r\n                                                    data-map-id=\"map168\" \r\n                                                    data-field-display-type=\"list\" \r\n                                                    data-single=\"true\" \r\n                                                    data-single-radio=\"true\" \r\n                                                    data-select-all=\"true\" \r\n                                                    data-width=\"100%\" \r\n                                                    data-max-height=\"12\" \r\n                                                    data-max-height-unit=\"row\" \r\n                                                    data-is-open=\"true\" \r\n                                                    data-keep-open=\"true\" \r\n                                                    data-container=\"cspmmf_select_container\" \r\n                                                    data-filter=\"false\" \r\n                                                    data-filter-by-data-length=\"99\" \r\n                                                    data-filter-placeholder=\"Type in to search\">\r\n                                                    \r\n                                                                                                        \r\n                                                            <option value=\"Renginys \/ Festivalis\">\r\n                                                                Renginys \/ Festivalis (14)                                                            <\/option>                                                    \r\n                                                            <option value=\"Skulpt\u016bra\">\r\n                                                                Skulpt\u016bra (17)                                                            <\/option>                                                    \r\n                                                            <option value=\"Instaliacija\">\r\n                                                                Instaliacija (24)                                                            <\/option>                                                    \r\n                                                            <option value=\"Gatv\u0117s menas\">\r\n                                                                Gatv\u0117s menas (35)                                                            <\/option>                                                    \r\n                                                            <option value=\"Bendruomen\u0117s erdv\u0117\">\r\n                                                                Bendruomen\u0117s erdv\u0117 (11)                                                            <\/option>                                                    \r\n                                                            <option value=\"Paroda \/ Meno k\u016brinys\">\r\n                                                                Paroda \/ Meno k\u016brinys (6)                                                            <\/option>                                                    \r\n                                                <\/select> \r\n\r\n                                            <\/div>\r\n                                    <\/div>\r\n\r\n                                \r\n                        <\/div>\r\n                        \r\n                        <div class=\"cspmmf_filter_btns_container\" data-map-id=\"map168\">\r\n                            \r\n                                                    \r\n                            <a class=\"cspmmf_reset_filter cspm_txt_rgb_hover not_active cspm_reset_ext_data\" data-map-id=\"map168\">\r\n                                I\u0161 naujo \r\n                                <img decoding=\"async\" src=\"https:\/\/kaunas2022.eu\/maptablet\/wp-content\/plugins\/progress-map-markers-filter\/assets\/img\/svg\/small-refresh.svg\" class=\"cspm_svg cspm_svg_colored\" \/>\r\n                            <\/a>\r\n\t\t\t\t\t\t \r\n\t\t\t\t\t\t<\/div>\t\t\t\t\t\t\r\n                        \r\n                                                \r\n                    <\/div>                    \r\n                    \r\n                <\/div> <div class=\"cspm_map_sidebars\" data-map-id=\"map168\"><div class=\"cspm_sidebar top\" data-map-id=\"map168\" data-content_id=\"\"><\/div><div class=\"cspm_sidebar right\" data-map-id=\"map168\" data-content_id=\"\"><\/div><div class=\"cspm_sidebar bottom\" data-map-id=\"map168\" data-content_id=\"\"><\/div><div class=\"cspm_sidebar left\" data-map-id=\"map168\" data-content_id=\"\"><\/div><div class=\"cspm_sidebar left\" data-map-id=\"map168\" data-content-id=\"cspmmf_markers_filter\"><\/div><\/div><\/div><div id=\"codespacing_progress_map_div_map168\" data-map-id=\"map168\" style=\"height:834px;\"><\/div><\/div><\/div><div class=\"cspm-row\" style=\"margin:0; padding:0\"><\/div><\/div><\/div>\n\t\t\t\t<\/div>\n\t\t\t\t<\/div>\n\t\t\t\t\t<\/div>\n\t\t<\/div>\n\t\t\t\t\t\t\t<\/div>\n\t\t<\/section>\n\t\t\t\t\t\t\t<\/div>\n\t\t","protected":false},"excerpt":{"rendered":"<p>Kur pamatyti Kaunas 2022 palikim\u0105? 2022-aisiais Kaunas buvo Europos kult\u016bros sostine. Kelet\u0105 met\u0173 prie\u0161, ir pa\u010dio titulo metais, Kaune ir Kauno rajone knib\u017ed\u0117jo daugyb\u0117 kult\u016brini\u0173 \u012fvyki\u0173. Ilgai kurtas projektas \u2013 jau baigtas, ta\u010diau mieste liko gyvas jo palikimas. Atraskite ry\u0161kiausius projekto p\u0117dsakus \u0161iame \u017eem\u0117lapyje:<\/p>\n","protected":false},"author":1,"featured_media":0,"parent":0,"menu_order":0,"comment_status":"closed","ping_status":"closed","template":"","meta":{"inline_featured_image":false,"footnotes":""},"class_list":["post-166","page","type-page","status-publish","hentry"],"acf":[],"_links":{"self":[{"href":"https:\/\/kaunas2022.eu\/maptablet\/wp-json\/wp\/v2\/pages\/166","targetHints":{"allow":["GET"]}}],"collection":[{"href":"https:\/\/kaunas2022.eu\/maptablet\/wp-json\/wp\/v2\/pages"}],"about":[{"href":"https:\/\/kaunas2022.eu\/maptablet\/wp-json\/wp\/v2\/types\/page"}],"author":[{"embeddable":true,"href":"https:\/\/kaunas2022.eu\/maptablet\/wp-json\/wp\/v2\/users\/1"}],"replies":[{"embeddable":true,"href":"https:\/\/kaunas2022.eu\/maptablet\/wp-json\/wp\/v2\/comments?post=166"}],"version-history":[{"count":87,"href":"https:\/\/kaunas2022.eu\/maptablet\/wp-json\/wp\/v2\/pages\/166\/revisions"}],"predecessor-version":[{"id":3138,"href":"https:\/\/kaunas2022.eu\/maptablet\/wp-json\/wp\/v2\/pages\/166\/revisions\/3138"}],"wp:attachment":[{"href":"https:\/\/kaunas2022.eu\/maptablet\/wp-json\/wp\/v2\/media?parent=166"}],"curies":[{"name":"wp","href":"https:\/\/api.w.org\/{rel}","templated":true}]}}