{"id":127978,"date":"2023-10-28T22:51:07","date_gmt":"2023-10-28T22:51:07","guid":{"rendered":"https:\/\/kaunas2022.eu\/?page_id=127978"},"modified":"2023-10-28T23:42:29","modified_gmt":"2023-10-28T23:42:29","slug":"films","status":"publish","type":"page","link":"https:\/\/kaunas2022.eu\/en\/films\/","title":{"rendered":"Films"},"content":{"rendered":"<p>[vc_row unlock_row_content=&#8221;yes&#8221; row_height_percent=&#8221;0&#8243; override_padding=&#8221;yes&#8221; h_padding=&#8221;0&#8243; top_padding=&#8221;2&#8243; bottom_padding=&#8221;2&#8243; overlay_alpha=&#8221;50&#8243; gutter_size=&#8221;3&#8243; column_width_percent=&#8221;100&#8243; shift_y=&#8221;0&#8243; z_index=&#8221;0&#8243; el_class=&#8221;sec-1&#8243; uncode_shortcode_id=&#8221;170283&#8243; back_color_type=&#8221;uncode-solid&#8221; back_color_solid=&#8221;#000000&#8243; row_name=&#8221;sukurta kaunas 2022&#8243;][vc_column column_width_percent=&#8221;82&#8243; gutter_size=&#8221;0&#8243; overlay_alpha=&#8221;50&#8243; shift_x=&#8221;0&#8243; shift_y=&#8221;0&#8243; shift_y_down=&#8221;0&#8243; z_index=&#8221;0&#8243; medium_width=&#8221;0&#8243; mobile_width=&#8221;0&#8243; width=&#8221;1\/1&#8243; uncode_shortcode_id=&#8221;127420&#8243;][uncode_vertical_text vertical_text_h_pos=&#8221;0&#8243; z_index=&#8221;0&#8243; text_weight=&#8221;900&#8243; text_space=&#8221;fontspace-112704&#8243; text_color=&#8221;color-xsdn&#8221; uncode_shortcode_id=&#8221;188420&#8243; text_color_type=&#8221;uncode-palette&#8221;]<\/p>\n<h1 class=\"x6prxxf x1fc57z9 x1yc453h x126k92a xzsf02u\" dir=\"auto\" style=\"text-align: center;\" role=\"none\">Kaunas 2022 films<\/h1>\n<p>[\/uncode_vertical_text][\/vc_column][\/vc_row][vc_row row_height_percent=&#8221;0&#8243; override_padding=&#8221;yes&#8221; h_padding=&#8221;2&#8243; top_padding=&#8221;0&#8243; bottom_padding=&#8221;2&#8243; back_color=&#8221;color-jevc&#8221; overlay_alpha=&#8221;50&#8243; equal_height=&#8221;yes&#8221; gutter_size=&#8221;4&#8243; column_width_percent=&#8221;100&#8243; shift_y=&#8221;0&#8243; z_index=&#8221;0&#8243; uncode_shortcode_id=&#8221;734129&#8243; back_color_type=&#8221;uncode-palette&#8221; css=&#8221;.vc_custom_1697718088874{padding-top: 0px !important;padding-bottom: 0px !important;}&#8221;][vc_column column_width_percent=&#8221;100&#8243; position_vertical=&#8221;bottom&#8221; gutter_size=&#8221;3&#8243; overlay_alpha=&#8221;50&#8243; border_color=&#8221;color-xsdn&#8221; border_style=&#8221;solid&#8221; shift_x=&#8221;0&#8243; shift_y=&#8221;0&#8243; shift_y_down=&#8221;0&#8243; z_index=&#8221;0&#8243; medium_width=&#8221;0&#8243; mobile_width=&#8221;0&#8243; width=&#8221;1\/1&#8243; uncode_shortcode_id=&#8221;167940&#8243; css=&#8221;.vc_custom_1695114088469{border-top-width: 1px !important;border-right-width: 1px !important;border-bottom-width: 1px !important;border-left-width: 1px !important;padding-top: 10px !important;padding-right: 10px !important;padding-bottom: 10px !important;padding-left: 10px !important;}&#8221; border_color_type=&#8221;uncode-palette&#8221;][uncode_vertical_text vertical_text_h_pos=&#8221;0&#8243; z_index=&#8221;0&#8243; text_weight=&#8221;900&#8243; text_space=&#8221;fontspace-112704&#8243; text_color=&#8221;color-xsdn&#8221; uncode_shortcode_id=&#8221;190483&#8243; text_color_type=&#8221;uncode-palette&#8221;]<\/p>\n<div id=\"title\" class=\"style-scope ytd-watch-metadata\">\n<h2 class=\"style-scope ytd-watch-metadata\" style=\"text-align: left;\">Documentary film &#8220;From Temporary to Contemporary&#8221;<\/h2>\n<\/div>\n<p>[\/uncode_vertical_text][uncode_vertical_text vertical_text_h_pos=&#8221;0&#8243; z_index=&#8221;0&#8243; text_weight=&#8221;900&#8243; text_space=&#8221;fontspace-112704&#8243; text_color=&#8221;color-xsdn&#8221; uncode_shortcode_id=&#8221;110571&#8243; text_color_type=&#8221;uncode-palette&#8221;]<\/p>\n<div id=\"title\" class=\"style-scope ytd-watch-metadata\">\n<div class=\"article-content article-content--sm mt-16 js-text-selection\">\n<div class=\"x1tlxs6b x1g8br2z x1gn5b1j x14ctfv x1okitfd x6ikm8r x10wlt62 x1mzt3pk x1y1aw1k xn6708d xwib8y2 x1ye3gou x1n2onr6 x13faqbe x1vjfegm x10y3i5r\" role=\"none\">\n<div class=\"x9f619 x1n2onr6 x1ja2u2z __fb-light-mode\" role=\"none\">\n<h4 class=\"x6prxxf x1fc57z9 x1yc453h x126k92a xzsf02u\" dir=\"auto\" role=\"none\">Documentary film, 2023. Directed by R\u016bta Vederyt\u0117-Macijauskien\u0117.<\/h4>\n<\/div>\n<\/div>\n<\/div>\n<\/div>\n<p>[\/uncode_vertical_text][vc_raw_html]JTNDaWZyYW1lJTIwd2lkdGglM0QlMjI1NjAlMjIlMjBoZWlnaHQlM0QlMjI1MDAlMjIlMjBzcmMlM0QlMjJodHRwcyUzQSUyRiUyRnd3dy55b3V0dWJlLmNvbSUyRmVtYmVkJTJGdXU2NlAyeXoyNjQlM0ZzaSUzREpENXpTQXFsYjcxal9Ga1glMjIlMjB0aXRsZSUzRCUyMllvdVR1YmUlMjB2aWRlbyUyMHBsYXllciUyMiUyMGZyYW1lYm9yZGVyJTNEJTIyMCUyMiUyMGFsbG93JTNEJTIyYWNjZWxlcm9tZXRlciUzQiUyMGF1dG9wbGF5JTNCJTIwY2xpcGJvYXJkLXdyaXRlJTNCJTIwZW5jcnlwdGVkLW1lZGlhJTNCJTIwZ3lyb3Njb3BlJTNCJTIwcGljdHVyZS1pbi1waWN0dXJlJTNCJTIwd2ViLXNoYXJlJTIyJTIwYWxsb3dmdWxsc2NyZWVuJTNFJTNDJTJGaWZyYW1lJTNF[\/vc_raw_html][\/vc_column][\/vc_row][vc_row row_height_percent=&#8221;0&#8243; override_padding=&#8221;yes&#8221; h_padding=&#8221;2&#8243; top_padding=&#8221;0&#8243; bottom_padding=&#8221;2&#8243; back_color=&#8221;color-jevc&#8221; overlay_alpha=&#8221;50&#8243; equal_height=&#8221;yes&#8221; gutter_size=&#8221;4&#8243; column_width_percent=&#8221;100&#8243; shift_y=&#8221;0&#8243; z_index=&#8221;0&#8243; uncode_shortcode_id=&#8221;734129&#8243; back_color_type=&#8221;uncode-palette&#8221; css=&#8221;.vc_custom_1697718088874{padding-top: 0px !important;padding-bottom: 0px !important;}&#8221;][vc_column column_width_percent=&#8221;100&#8243; position_vertical=&#8221;bottom&#8221; gutter_size=&#8221;3&#8243; overlay_alpha=&#8221;50&#8243; border_color=&#8221;color-xsdn&#8221; border_style=&#8221;solid&#8221; shift_x=&#8221;0&#8243; shift_y=&#8221;0&#8243; shift_y_down=&#8221;0&#8243; z_index=&#8221;0&#8243; medium_width=&#8221;0&#8243; mobile_width=&#8221;0&#8243; width=&#8221;1\/1&#8243; uncode_shortcode_id=&#8221;167940&#8243; css=&#8221;.vc_custom_1695114088469{border-top-width: 1px !important;border-right-width: 1px !important;border-bottom-width: 1px !important;border-left-width: 1px !important;padding-top: 10px !important;padding-right: 10px !important;padding-bottom: 10px !important;padding-left: 10px !important;}&#8221; border_color_type=&#8221;uncode-palette&#8221;][uncode_vertical_text vertical_text_h_pos=&#8221;0&#8243; z_index=&#8221;0&#8243; text_weight=&#8221;900&#8243; text_space=&#8221;fontspace-112704&#8243; text_color=&#8221;color-xsdn&#8221; uncode_shortcode_id=&#8221;119695&#8243; text_color_type=&#8221;uncode-palette&#8221;]<\/p>\n<div id=\"title\" class=\"style-scope ytd-watch-metadata\">\n<h2 class=\"style-scope ytd-watch-metadata\" style=\"text-align: left;\">Documentary film &#8220;William Kentridge&#8217;s return to the place where he&#8217;s never been&#8221;<\/h2>\n<\/div>\n<p>[\/uncode_vertical_text][uncode_vertical_text vertical_text_h_pos=&#8221;0&#8243; z_index=&#8221;0&#8243; text_weight=&#8221;900&#8243; text_space=&#8221;fontspace-112704&#8243; text_color=&#8221;color-xsdn&#8221; uncode_shortcode_id=&#8221;110622&#8243; text_color_type=&#8221;uncode-palette&#8221;]<\/p>\n<div id=\"title\" class=\"style-scope ytd-watch-metadata\">\n<div class=\"article-content article-content--sm mt-16 js-text-selection\">\n<h4>Documentary film by Rytis Zemkauskas.<\/h4>\n<\/div>\n<\/div>\n<p>[\/uncode_vertical_text][vc_single_image media=&#8221;127974&#8243; media_width_percent=&#8221;100&#8243; uncode_shortcode_id=&#8221;137601&#8243; media_link=&#8221;url:https%3A%2F%2Fwww.lrt.lt%2Fmediateka%2Firasas%2F2000221934%2Fdokumentinis-filmas-william-kentridge-sugrizimas-kur-nebuta|target:_blank&#8221;][vc_row_inner limit_content=&#8221;&#8221;][vc_column_inner column_width_percent=&#8221;100&#8243; gutter_size=&#8221;3&#8243; overlay_alpha=&#8221;50&#8243; border_color=&#8221;color-xsdn&#8221; border_style=&#8221;solid&#8221; shift_x=&#8221;0&#8243; shift_y=&#8221;0&#8243; shift_y_down=&#8221;0&#8243; z_index=&#8221;0&#8243; medium_width=&#8221;0&#8243; mobile_width=&#8221;0&#8243; width=&#8221;1\/1&#8243; uncode_shortcode_id=&#8221;189282&#8243; css=&#8221;.vc_custom_1698533024755{border-top-width: 1px !important;border-right-width: 1px !important;border-bottom-width: 1px !important;border-left-width: 1px !important;padding-top: 10px !important;padding-right: 10px !important;padding-bottom: 10px !important;padding-left: 10px !important;}&#8221; border_color_type=&#8221;uncode-palette&#8221; link_to=&#8221;url:https%3A%2F%2Fwww.lrt.lt%2Fmediateka%2Firasas%2F2000221934%2Fdokumentinis-filmas-william-kentridge-sugrizimas-kur-nebuta|target:_blank&#8221;][uncode_vertical_text vertical_text_h_pos=&#8221;0&#8243; z_index=&#8221;0&#8243; text_weight=&#8221;900&#8243; text_space=&#8221;fontspace-112704&#8243; text_color=&#8221;color-xsdn&#8221; uncode_shortcode_id=&#8221;646874&#8243; text_color_type=&#8221;uncode-palette&#8221;]<\/p>\n<h4 style=\"text-align: center;\">\u017dI\u016aR\u0116TI FILM\u0104 LRT MEDIATEKOJE<\/h4>\n<p>[\/uncode_vertical_text][\/vc_column_inner][\/vc_row_inner][\/vc_column][\/vc_row][vc_row row_height_percent=&#8221;0&#8243; override_padding=&#8221;yes&#8221; h_padding=&#8221;2&#8243; top_padding=&#8221;0&#8243; bottom_padding=&#8221;2&#8243; back_color=&#8221;color-jevc&#8221; overlay_alpha=&#8221;50&#8243; equal_height=&#8221;yes&#8221; gutter_size=&#8221;4&#8243; column_width_percent=&#8221;100&#8243; shift_y=&#8221;0&#8243; z_index=&#8221;0&#8243; uncode_shortcode_id=&#8221;734129&#8243; back_color_type=&#8221;uncode-palette&#8221; css=&#8221;.vc_custom_1697718088874{padding-top: 0px !important;padding-bottom: 0px !important;}&#8221;][vc_column column_width_percent=&#8221;100&#8243; position_vertical=&#8221;bottom&#8221; gutter_size=&#8221;3&#8243; overlay_alpha=&#8221;50&#8243; border_color=&#8221;color-xsdn&#8221; border_style=&#8221;solid&#8221; shift_x=&#8221;0&#8243; shift_y=&#8221;0&#8243; shift_y_down=&#8221;0&#8243; z_index=&#8221;0&#8243; medium_width=&#8221;0&#8243; mobile_width=&#8221;0&#8243; width=&#8221;1\/1&#8243; uncode_shortcode_id=&#8221;167940&#8243; css=&#8221;.vc_custom_1695114088469{border-top-width: 1px !important;border-right-width: 1px !important;border-bottom-width: 1px !important;border-left-width: 1px !important;padding-top: 10px !important;padding-right: 10px !important;padding-bottom: 10px !important;padding-left: 10px !important;}&#8221; border_color_type=&#8221;uncode-palette&#8221;][uncode_vertical_text vertical_text_h_pos=&#8221;0&#8243; z_index=&#8221;0&#8243; text_weight=&#8221;900&#8243; text_space=&#8221;fontspace-112704&#8243; text_color=&#8221;color-xsdn&#8221; uncode_shortcode_id=&#8221;161949&#8243; text_color_type=&#8221;uncode-palette&#8221;]<\/p>\n<div id=\"title\" class=\"style-scope ytd-watch-metadata\">\n<div id=\"title\" class=\"style-scope ytd-watch-metadata\">\n<h2 class=\"style-scope ytd-watch-metadata\">Exclusive interview &#8211; Rytis Zemkauskas sits down with Marina Abramovi\u010d<\/h2>\n<div class=\"x1h91t0o xkh2ocl x78zum5 xdt5ytf x13a6bvl x193iq5w x1iyjqo2 xcrg951\" role=\"none\"><\/div>\n<\/div>\n<\/div>\n<p>[\/uncode_vertical_text][vc_raw_html]JTNDaWZyYW1lJTIwd2lkdGglM0QlMjI1NjAlMjIlMjBoZWlnaHQlM0QlMjI1MDAlMjIlMjBzcmMlM0QlMjJodHRwcyUzQSUyRiUyRnd3dy55b3V0dWJlLmNvbSUyRmVtYmVkJTJGQ2s5Qk5kd1pWWDglM0ZzaSUzRGhwbTZRamR3UWY4OElBekslMjIlMjB0aXRsZSUzRCUyMllvdVR1YmUlMjB2aWRlbyUyMHBsYXllciUyMiUyMGZyYW1lYm9yZGVyJTNEJTIyMCUyMiUyMGFsbG93JTNEJTIyYWNjZWxlcm9tZXRlciUzQiUyMGF1dG9wbGF5JTNCJTIwY2xpcGJvYXJkLXdyaXRlJTNCJTIwZW5jcnlwdGVkLW1lZGlhJTNCJTIwZ3lyb3Njb3BlJTNCJTIwcGljdHVyZS1pbi1waWN0dXJlJTNCJTIwd2ViLXNoYXJlJTIyJTIwYWxsb3dmdWxsc2NyZWVuJTNFJTNDJTJGaWZyYW1lJTNF[\/vc_raw_html][\/vc_column][\/vc_row][vc_row row_height_percent=&#8221;0&#8243; override_padding=&#8221;yes&#8221; h_padding=&#8221;2&#8243; top_padding=&#8221;0&#8243; bottom_padding=&#8221;2&#8243; back_color=&#8221;color-jevc&#8221; overlay_alpha=&#8221;50&#8243; equal_height=&#8221;yes&#8221; gutter_size=&#8221;4&#8243; column_width_percent=&#8221;100&#8243; shift_y=&#8221;0&#8243; z_index=&#8221;0&#8243; uncode_shortcode_id=&#8221;734129&#8243; back_color_type=&#8221;uncode-palette&#8221; css=&#8221;.vc_custom_1697718088874{padding-top: 0px !important;padding-bottom: 0px !important;}&#8221;][vc_column column_width_percent=&#8221;100&#8243; position_vertical=&#8221;bottom&#8221; gutter_size=&#8221;3&#8243; overlay_alpha=&#8221;50&#8243; border_color=&#8221;color-xsdn&#8221; border_style=&#8221;solid&#8221; shift_x=&#8221;0&#8243; shift_y=&#8221;0&#8243; shift_y_down=&#8221;0&#8243; z_index=&#8221;0&#8243; medium_width=&#8221;0&#8243; mobile_width=&#8221;0&#8243; width=&#8221;1\/1&#8243; uncode_shortcode_id=&#8221;167940&#8243; css=&#8221;.vc_custom_1695114088469{border-top-width: 1px !important;border-right-width: 1px !important;border-bottom-width: 1px !important;border-left-width: 1px !important;padding-top: 10px !important;padding-right: 10px !important;padding-bottom: 10px !important;padding-left: 10px !important;}&#8221; border_color_type=&#8221;uncode-palette&#8221;][uncode_vertical_text vertical_text_h_pos=&#8221;0&#8243; z_index=&#8221;0&#8243; text_weight=&#8221;900&#8243; text_space=&#8221;fontspace-112704&#8243; text_color=&#8221;color-xsdn&#8221; uncode_shortcode_id=&#8221;102407&#8243; text_color_type=&#8221;uncode-palette&#8221;]<\/p>\n<div id=\"title\" class=\"style-scope ytd-watch-metadata\">\n<div id=\"title\" class=\"style-scope ytd-watch-metadata\">\n<h2 class=\"style-scope ytd-watch-metadata\">Film &#8220;Kaunas &#8211; one big stage for Europe&#8221;<\/h2>\n<\/div>\n<\/div>\n<p>[\/uncode_vertical_text][vc_raw_html]JTNDaWZyYW1lJTIwd2lkdGglM0QlMjI1NjAlMjIlMjBoZWlnaHQlM0QlMjI1MDAlMjIlMjBzcmMlM0QlMjJodHRwcyUzQSUyRiUyRnd3dy55b3V0dWJlLmNvbSUyRmVtYmVkJTJGRGNxWldOem9VRmMlM0ZzaSUzRGo0MGpvQWpCZ1Y3ckJGMXYlMjIlMjB0aXRsZSUzRCUyMllvdVR1YmUlMjB2aWRlbyUyMHBsYXllciUyMiUyMGZyYW1lYm9yZGVyJTNEJTIyMCUyMiUyMGFsbG93JTNEJTIyYWNjZWxlcm9tZXRlciUzQiUyMGF1dG9wbGF5JTNCJTIwY2xpcGJvYXJkLXdyaXRlJTNCJTIwZW5jcnlwdGVkLW1lZGlhJTNCJTIwZ3lyb3Njb3BlJTNCJTIwcGljdHVyZS1pbi1waWN0dXJlJTNCJTIwd2ViLXNoYXJlJTIyJTIwYWxsb3dmdWxsc2NyZWVuJTNFJTNDJTJGaWZyYW1lJTNF[\/vc_raw_html][\/vc_column][\/vc_row][vc_row row_height_percent=&#8221;0&#8243; override_padding=&#8221;yes&#8221; h_padding=&#8221;2&#8243; top_padding=&#8221;0&#8243; bottom_padding=&#8221;2&#8243; back_color=&#8221;color-jevc&#8221; overlay_alpha=&#8221;50&#8243; equal_height=&#8221;yes&#8221; gutter_size=&#8221;4&#8243; column_width_percent=&#8221;100&#8243; shift_y=&#8221;0&#8243; z_index=&#8221;0&#8243; uncode_shortcode_id=&#8221;734129&#8243; back_color_type=&#8221;uncode-palette&#8221; css=&#8221;.vc_custom_1697718088874{padding-top: 0px !important;padding-bottom: 0px !important;}&#8221;][vc_column column_width_percent=&#8221;100&#8243; position_vertical=&#8221;bottom&#8221; gutter_size=&#8221;3&#8243; overlay_alpha=&#8221;50&#8243; border_color=&#8221;color-xsdn&#8221; border_style=&#8221;solid&#8221; shift_x=&#8221;0&#8243; shift_y=&#8221;0&#8243; shift_y_down=&#8221;0&#8243; z_index=&#8221;0&#8243; medium_width=&#8221;0&#8243; mobile_width=&#8221;0&#8243; width=&#8221;1\/1&#8243; uncode_shortcode_id=&#8221;167940&#8243; css=&#8221;.vc_custom_1695114088469{border-top-width: 1px !important;border-right-width: 1px !important;border-bottom-width: 1px !important;border-left-width: 1px !important;padding-top: 10px !important;padding-right: 10px !important;padding-bottom: 10px !important;padding-left: 10px !important;}&#8221; border_color_type=&#8221;uncode-palette&#8221;][uncode_vertical_text vertical_text_h_pos=&#8221;0&#8243; z_index=&#8221;0&#8243; text_weight=&#8221;900&#8243; text_space=&#8221;fontspace-112704&#8243; text_color=&#8221;color-xsdn&#8221; uncode_shortcode_id=&#8221;972733&#8243; text_color_type=&#8221;uncode-palette&#8221;]<\/p>\n<div id=\"title\" class=\"style-scope ytd-watch-metadata\">\n<div id=\"title\" class=\"style-scope ytd-watch-metadata\">\n<h2 class=\"style-scope ytd-watch-metadata\">Film &#8220;Folds&#8221;<\/h2>\n<\/div>\n<\/div>\n<p>[\/uncode_vertical_text][uncode_vertical_text vertical_text_h_pos=&#8221;0&#8243; z_index=&#8221;0&#8243; text_weight=&#8221;900&#8243; text_space=&#8221;fontspace-112704&#8243; text_color=&#8221;color-xsdn&#8221; uncode_shortcode_id=&#8221;653213&#8243; text_color_type=&#8221;uncode-palette&#8221;]<\/p>\n<div id=\"title\" class=\"style-scope ytd-watch-metadata\">\n<div class=\"article-content article-content--sm mt-16 js-text-selection\">\n<div id=\"comp-kjl8klzb\" class=\"KcpHeO tz5f0K comp-kjl8klzb wixui-rich-text\" data-testid=\"richTextElement\">\n<div id=\"comp-kjl8klzb\" class=\"KcpHeO tz5f0K comp-kjl8klzb wixui-rich-text\" data-testid=\"richTextElement\">\n<h4 class=\"font_8 wixui-rich-text__text\"><span class=\"wixui-rich-text__text\">An experimental art film inspired by Kaunas modernist architecture and the hidden histories associated with a magical city.<\/span><\/h4>\n<\/div>\n<\/div>\n<h4>2020. Directed by Aideen Barry. Lithuania, Ireland.<\/h4>\n<\/div>\n<\/div>\n<p>[\/uncode_vertical_text][vc_single_image media=&#8221;100307&#8243; media_width_percent=&#8221;100&#8243; uncode_shortcode_id=&#8221;119690&#8243; media_link=&#8221;url:https%3A%2F%2Fwww.lrt.lt%2Fmediateka%2Firasas%2F2000239091%2Fdokumentinis-filmas-klostes|target:_blank&#8221;][vc_row_inner limit_content=&#8221;&#8221;][vc_column_inner column_width_percent=&#8221;100&#8243; gutter_size=&#8221;3&#8243; overlay_alpha=&#8221;50&#8243; border_color=&#8221;color-xsdn&#8221; border_style=&#8221;solid&#8221; shift_x=&#8221;0&#8243; shift_y=&#8221;0&#8243; shift_y_down=&#8221;0&#8243; z_index=&#8221;0&#8243; medium_width=&#8221;0&#8243; mobile_width=&#8221;0&#8243; width=&#8221;1\/1&#8243; uncode_shortcode_id=&#8221;110512&#8243; css=&#8221;.vc_custom_1698533245503{border-top-width: 1px !important;border-right-width: 1px !important;border-bottom-width: 1px !important;border-left-width: 1px !important;padding-top: 10px !important;padding-right: 10px !important;padding-bottom: 10px !important;padding-left: 10px !important;}&#8221; border_color_type=&#8221;uncode-palette&#8221; link_to=&#8221;url:https%3A%2F%2Fwww.lrt.lt%2Fmediateka%2Firasas%2F2000239091%2Fdokumentinis-filmas-klostes|target:_blank&#8221;][uncode_vertical_text vertical_text_h_pos=&#8221;0&#8243; z_index=&#8221;0&#8243; text_weight=&#8221;900&#8243; text_space=&#8221;fontspace-112704&#8243; text_color=&#8221;color-xsdn&#8221; uncode_shortcode_id=&#8221;646874&#8243; text_color_type=&#8221;uncode-palette&#8221;]<\/p>\n<h4 style=\"text-align: center;\">\u017dI\u016aR\u0116TI FILM\u0104 LRT MEDIATEKOJE<\/h4>\n<p>[\/uncode_vertical_text][\/vc_column_inner][\/vc_row_inner][\/vc_column][\/vc_row]<\/p>\n","protected":false},"excerpt":{"rendered":"<p>[vc_row unlock_row_content=&#8221;yes&#8221; row_height_percent=&#8221;0&#8243; override_padding=&#8221;yes&#8221; h_padding=&#8221;0&#8243; top_padding=&#8221;2&#8243; bottom_padding=&#8221;2&#8243; overlay_alpha=&#8221;50&#8243; gutter_size=&#8221;3&#8243; column_width_percent=&#8221;100&#8243; shift_y=&#8221;0&#8243; z_index=&#8221;0&#8243; el_class=&#8221;sec-1&#8243; uncode_shortcode_id=&#8221;170283&#8243; back_color_type=&#8221;uncode-solid&#8221; back_color_solid=&#8221;#000000&#8243; row_name=&#8221;sukurta kaunas 2022&#8243;][vc_column column_width_percent=&#8221;82&#8243; [&hellip;]<\/p>\n","protected":false},"author":19,"featured_media":127202,"parent":0,"menu_order":0,"comment_status":"closed","ping_status":"closed","template":"","meta":{"footnotes":""},"class_list":["post-127978","page","type-page","status-publish","has-post-thumbnail","hentry"],"_links":{"self":[{"href":"https:\/\/kaunas2022.eu\/en\/wp-json\/wp\/v2\/pages\/127978","targetHints":{"allow":["GET"]}}],"collection":[{"href":"https:\/\/kaunas2022.eu\/en\/wp-json\/wp\/v2\/pages"}],"about":[{"href":"https:\/\/kaunas2022.eu\/en\/wp-json\/wp\/v2\/types\/page"}],"author":[{"embeddable":true,"href":"https:\/\/kaunas2022.eu\/en\/wp-json\/wp\/v2\/users\/19"}],"replies":[{"embeddable":true,"href":"https:\/\/kaunas2022.eu\/en\/wp-json\/wp\/v2\/comments?post=127978"}],"version-history":[{"count":5,"href":"https:\/\/kaunas2022.eu\/en\/wp-json\/wp\/v2\/pages\/127978\/revisions"}],"predecessor-version":[{"id":128002,"href":"https:\/\/kaunas2022.eu\/en\/wp-json\/wp\/v2\/pages\/127978\/revisions\/128002"}],"wp:featuredmedia":[{"embeddable":true,"href":"https:\/\/kaunas2022.eu\/en\/wp-json\/wp\/v2\/media\/127202"}],"wp:attachment":[{"href":"https:\/\/kaunas2022.eu\/en\/wp-json\/wp\/v2\/media?parent=127978"}],"curies":[{"name":"wp","href":"https:\/\/api.w.org\/{rel}","templated":true}]}}