{"id":127768,"date":"2023-10-23T03:18:39","date_gmt":"2023-10-23T03:18:39","guid":{"rendered":"https:\/\/kaunas2022.eu\/?page_id=127768"},"modified":"2023-11-01T21:41:12","modified_gmt":"2023-11-01T21:41:12","slug":"partners","status":"publish","type":"page","link":"https:\/\/kaunas2022.eu\/en\/partners\/","title":{"rendered":"Partners"},"content":{"rendered":"<p>[vc_row unlock_row_content=&#8221;yes&#8221; row_height_percent=&#8221;0&#8243; override_padding=&#8221;yes&#8221; h_padding=&#8221;0&#8243; top_padding=&#8221;2&#8243; bottom_padding=&#8221;2&#8243; back_color=&#8221;color-xsdn&#8221; overlay_alpha=&#8221;50&#8243; gutter_size=&#8221;3&#8243; column_width_percent=&#8221;100&#8243; shift_y=&#8221;0&#8243; z_index=&#8221;0&#8243; el_class=&#8221;sec-1&#8243; uncode_shortcode_id=&#8221;731584&#8243; back_color_type=&#8221;uncode-palette&#8221; row_name=&#8221;sukurta kaunas 2022&#8243; css=&#8221;.vc_custom_1698030356816{padding-top: 40px !important;}&#8221;][vc_column column_width_percent=&#8221;82&#8243; gutter_size=&#8221;0&#8243; overlay_alpha=&#8221;50&#8243; shift_x=&#8221;0&#8243; shift_y=&#8221;0&#8243; shift_y_down=&#8221;0&#8243; z_index=&#8221;0&#8243; medium_width=&#8221;0&#8243; mobile_width=&#8221;0&#8243; width=&#8221;1\/1&#8243; uncode_shortcode_id=&#8221;127420&#8243;][uncode_vertical_text vertical_text_h_pos=&#8221;0&#8243; z_index=&#8221;0&#8243; text_weight=&#8221;900&#8243; text_space=&#8221;fontspace-112704&#8243; text_color=&#8221;color-jevc&#8221; uncode_shortcode_id=&#8221;100373&#8243; text_color_type=&#8221;uncode-palette&#8221;]<\/p>\n<h1 class=\"x6prxxf x1fc57z9 x1yc453h x126k92a xzsf02u\" dir=\"auto\" style=\"text-align: center;\" role=\"none\">\u2018Kaunas \u2013 European Capital of Culture 2022\u2019 Programme Partners<\/h1>\n<p>[\/uncode_vertical_text][\/vc_column][\/vc_row][vc_row row_height_percent=&#8221;0&#8243; override_padding=&#8221;yes&#8221; h_padding=&#8221;3&#8243; top_padding=&#8221;2&#8243; bottom_padding=&#8221;2&#8243; back_color=&#8221;color-xsdn&#8221; overlay_alpha=&#8221;50&#8243; gutter_size=&#8221;3&#8243; column_width_percent=&#8221;100&#8243; shift_y=&#8221;0&#8243; z_index=&#8221;0&#8243; el_class=&#8221;sec-1&#8243; uncode_shortcode_id=&#8221;170369&#8243; back_color_type=&#8221;uncode-palette&#8221; row_name=&#8221;sukurta kaunas 2022&#8243; css=&#8221;.vc_custom_1698874570290{padding-top: 40px !important;}&#8221; shape_dividers=&#8221;&#8221;][vc_column column_width_percent=&#8221;82&#8243; gutter_size=&#8221;0&#8243; overlay_alpha=&#8221;50&#8243; shift_x=&#8221;0&#8243; shift_y=&#8221;0&#8243; shift_y_down=&#8221;0&#8243; z_index=&#8221;0&#8243; medium_width=&#8221;0&#8243; mobile_width=&#8221;0&#8243; width=&#8221;1\/3&#8243; uncode_shortcode_id=&#8221;127420&#8243;][vc_column_text uncode_shortcode_id=&#8221;107532&#8243;]<\/p>\n<h4>\u2018Kult\u016bros platforma\u2019 public institution<\/h4>\n<h4>Apeiron Theater<\/h4>\n<h4>Ars Futuri<\/h4>\n<h4>\u2018Artscape\u2019 arts agency<\/h4>\n<h4>Center for International Cultural Projects<\/h4>\n<h4>Concert institution \u2018Kauno Santaka\u2019<\/h4>\n<h4>Contemporary Art Centre<\/h4>\n<h4>Design Forum<\/h4>\n<h4>Design Foundation<\/h4>\n<h4>Digital Tsunami<\/h4>\n<h4>Emerging Kaunas<\/h4>\n<h4>EU-Japan Fest<\/h4>\n<h4>\u2018Freimas\u2019 International Art Makers Association<\/h4>\n<h4>GM Gyvai<\/h4>\n<h4>Impact Foundation<\/h4>\n<h4>Jazz Academy<\/h4>\n<h4>JJJAZZ<\/h4>\n<h4>Kaunas Adult and Youth Education Center<\/h4>\n<h4>Kaunas Artists\u2019 House<\/h4>\n<h4>Kaunas Aura Dance Theatre<\/h4>\n<h4>Kaunas Biennial<\/h4>\n<h4>Kaunas Chamber Theatre<\/h4>\n<h4>Kaunas Cinema Centre Romuva<\/h4>\n<h4>Kaunas City Museum<\/h4>\n<h4>Kaunas City Symphony Orchestra<\/h4>\n<h4>Kaunas County Public Library<\/h4>\n<p>[\/vc_column_text][\/vc_column][vc_column width=&#8221;1\/3&#8243;][vc_column_text uncode_shortcode_id=&#8221;367635&#8243;]<\/p>\n<h4>Kaunas Cultural Centre<\/h4>\n<h4>Kaunas Deaf Youth Organisation<\/h4>\n<h4>Kaunas Department of the Lithuanian Artists\u2019 Association<\/h4>\n<h4>Kaunas Department of the Lithuanian Photographers Association<\/h4>\n<h4>Kaunas Department of the Lithuanian Union of Architects<\/h4>\n<h4>Kaunas District Museum<\/h4>\n<h4>Kaunas District\u2019s E\u017eer\u0117lis Cultural Centre<\/h4>\n<h4>Kaunas District\u2019s Ramu\u010diai Cultural Centre<\/h4>\n<h4>Kaunas District\u2019s Samylai Cultural Centre<\/h4>\n<h4>Kaunas Fortress Park<\/h4>\n<h4>Kaunas Modern Art Foundation<\/h4>\n<h4>Kaunas Municipal Vincas Kudirka Public Library<\/h4>\n<h4>Kaunas Ninth Fort Museum<\/h4>\n<h4>Kaunas State Musical Theatre<\/h4>\n<h4>Kaunas State Philharmonic<\/h4>\n<h4>Kaunas State Puppet Theatre<\/h4>\n<h4>Kaunas University of Technology<\/h4>\n<h4>Kauno Kolegija Higher Education Institution<\/h4>\n<h4>Kosmos Theatre<\/h4>\n<h4>Kulautuva Community Centre<\/h4>\n<h4>\u2019Kult\u016brin\u0117s ir organizacin\u0117s id\u0117jos\u2019 (Cultural and Organizational Ideas)<\/h4>\n<h4>Kult\u016bros Kiemas<\/h4>\n<h4>Lietuvos id\u0117j\u0173 forumas<\/h4>\n<h4>Lithuania Cantat<\/h4>\n<h4>Lithuanian Aviation Museum<\/h4>\n<p>[\/vc_column_text][\/vc_column][vc_column width=&#8221;1\/3&#8243;][vc_column_text uncode_shortcode_id=&#8221;198610&#8243;]<\/p>\n<h4>Lithuanian Centre for Human Rights<\/h4>\n<h4>Lithuanian Design Association<\/h4>\n<h4>Lithuanian Interdisciplinary Artists\u2019 Association<\/h4>\n<h4>Lviv Cultural Strategy Institute<\/h4>\n<h4>M. K. \u010ciurlionis National Museum of Art<\/h4>\n<h4>Maironis Lithuanian Literature Museum<\/h4>\n<h4>Meno Parkas Gallery<\/h4>\n<h4>MO Museum<\/h4>\n<h4>Muzikos Kodas<\/h4>\n<h4>National Kaunas Drama Theatre<\/h4>\n<h4>Nematerialaus Turto Fondas<\/h4>\n<h4>Pa\u017eaislis Music Festival<\/h4>\n<h4>Prabudimo Orkestras<\/h4>\n<h4>Saugi Prad\u017eia<\/h4>\n<h4>Scenos ir estetikos mokykla<\/h4>\n<h4>Science and Innovation for Society<\/h4>\n<h4>\u0160eiko Dance Company<\/h4>\n<h4>\u0160eimos Laikas<\/h4>\n<h4>\u0160okis<\/h4>\n<h4>Sugihara Diplomats for Life Foundation<\/h4>\n<h4>\u0160viesos Ra\u0161tas<\/h4>\n<h4>Terra Publica<\/h4>\n<h4>Unikalus Paveldas<\/h4>\n<h4>Vilnius Academy of Arts<\/h4>\n<h4>Vilnius City Film Festival KINO PAVASARIS<\/h4>\n<h4>Vytautas Magnus University<\/h4>\n<p>[\/vc_column_text][\/vc_column][\/vc_row]<\/p>\n","protected":false},"excerpt":{"rendered":"<p>[vc_row unlock_row_content=&#8221;yes&#8221; row_height_percent=&#8221;0&#8243; override_padding=&#8221;yes&#8221; h_padding=&#8221;0&#8243; top_padding=&#8221;2&#8243; bottom_padding=&#8221;2&#8243; back_color=&#8221;color-xsdn&#8221; overlay_alpha=&#8221;50&#8243; gutter_size=&#8221;3&#8243; column_width_percent=&#8221;100&#8243; shift_y=&#8221;0&#8243; z_index=&#8221;0&#8243; el_class=&#8221;sec-1&#8243; uncode_shortcode_id=&#8221;731584&#8243; back_color_type=&#8221;uncode-palette&#8221; row_name=&#8221;sukurta kaunas 2022&#8243; css=&#8221;.vc_custom_1698030356816{padding-top: [&hellip;]<\/p>\n","protected":false},"author":19,"featured_media":127202,"parent":0,"menu_order":0,"comment_status":"closed","ping_status":"closed","template":"","meta":{"footnotes":""},"class_list":["post-127768","page","type-page","status-publish","has-post-thumbnail","hentry"],"_links":{"self":[{"href":"https:\/\/kaunas2022.eu\/en\/wp-json\/wp\/v2\/pages\/127768","targetHints":{"allow":["GET"]}}],"collection":[{"href":"https:\/\/kaunas2022.eu\/en\/wp-json\/wp\/v2\/pages"}],"about":[{"href":"https:\/\/kaunas2022.eu\/en\/wp-json\/wp\/v2\/types\/page"}],"author":[{"embeddable":true,"href":"https:\/\/kaunas2022.eu\/en\/wp-json\/wp\/v2\/users\/19"}],"replies":[{"embeddable":true,"href":"https:\/\/kaunas2022.eu\/en\/wp-json\/wp\/v2\/comments?post=127768"}],"version-history":[{"count":6,"href":"https:\/\/kaunas2022.eu\/en\/wp-json\/wp\/v2\/pages\/127768\/revisions"}],"predecessor-version":[{"id":128242,"href":"https:\/\/kaunas2022.eu\/en\/wp-json\/wp\/v2\/pages\/127768\/revisions\/128242"}],"wp:featuredmedia":[{"embeddable":true,"href":"https:\/\/kaunas2022.eu\/en\/wp-json\/wp\/v2\/media\/127202"}],"wp:attachment":[{"href":"https:\/\/kaunas2022.eu\/en\/wp-json\/wp\/v2\/media?parent=127768"}],"curies":[{"name":"wp","href":"https:\/\/api.w.org\/{rel}","templated":true}]}}