{"id":125988,"date":"2023-03-09T10:12:11","date_gmt":"2023-03-09T10:12:11","guid":{"rendered":"https:\/\/kaunas2022.eu\/?page_id=125988"},"modified":"2023-03-13T12:21:45","modified_gmt":"2023-03-13T12:21:45","slug":"kaunas-2022-creators","status":"publish","type":"page","link":"https:\/\/kaunas2022.eu\/en\/kaunas-2022-creators\/","title":{"rendered":"Photo exhibition &#8220;Kaunas 2022 Creators&#8221; by Agn\u0117 Bekeraityt\u0117-Popier\u0117"},"content":{"rendered":"<p>[vc_row unlock_row_content=&#8221;yes&#8221; row_height_percent=&#8221;0&#8243; override_padding=&#8221;yes&#8221; h_padding=&#8221;0&#8243; top_padding=&#8221;2&#8243; bottom_padding=&#8221;2&#8243; back_color=&#8221;color-jevc&#8221; overlay_alpha=&#8221;50&#8243; gutter_size=&#8221;3&#8243; column_width_percent=&#8221;100&#8243; shift_y=&#8221;0&#8243; z_index=&#8221;0&#8243; uncode_shortcode_id=&#8221;206199&#8243; back_color_type=&#8221;uncode-palette&#8221; el_class=&#8221;acco-white&#8221;][vc_column column_width_percent=&#8221;100&#8243; gutter_size=&#8221;3&#8243; overlay_alpha=&#8221;50&#8243; shift_x=&#8221;0&#8243; shift_y=&#8221;0&#8243; shift_y_down=&#8221;0&#8243; z_index=&#8221;0&#8243; desktop_visibility=&#8221;yes&#8221; medium_width=&#8221;0&#8243; mobile_width=&#8221;0&#8243; width=&#8221;1\/1&#8243; uncode_shortcode_id=&#8221;971349&#8243; css=&#8221;.vc_custom_1678697958831{padding-top: 0px !important;padding-right: 0px !important;padding-bottom: 0px !important;padding-left: 0px !important;}&#8221;][vc_single_image media=&#8221;126107&#8243; media_width_percent=&#8221;100&#8243; uncode_shortcode_id=&#8221;133574&#8243;][\/vc_column][\/vc_row][vc_row row_height_percent=&#8221;0&#8243; back_color=&#8221;color-jevc&#8221; overlay_alpha=&#8221;50&#8243; gutter_size=&#8221;3&#8243; column_width_percent=&#8221;100&#8243; shift_y=&#8221;0&#8243; z_index=&#8221;0&#8243; uncode_shortcode_id=&#8221;730526&#8243; back_color_type=&#8221;uncode-palette&#8221; el_class=&#8221;acco-white&#8221;][vc_column column_width_percent=&#8221;100&#8243; position_vertical=&#8221;bottom&#8221; gutter_size=&#8221;3&#8243; expand_height=&#8221;yes&#8221; back_image=&#8221;126000&#8243; overlay_alpha=&#8221;50&#8243; shift_x=&#8221;0&#8243; shift_y=&#8221;0&#8243; shift_y_down=&#8221;0&#8243; z_index=&#8221;0&#8243; medium_width=&#8221;0&#8243; mobile_visibility=&#8221;yes&#8221; mobile_width=&#8221;0&#8243; width=&#8221;1\/2&#8243; uncode_shortcode_id=&#8221;134535&#8243; css=&#8221;.vc_custom_1678698061501{padding-top: 350px !important;padding-right: 100px !important;padding-bottom: 100px !important;padding-left: 100px !important;}&#8221;][vc_single_image media=&#8221;126104&#8243; media_width_percent=&#8221;100&#8243; alignment=&#8221;center&#8221; uncode_shortcode_id=&#8221;130862&#8243;][\/vc_column][vc_column column_width_percent=&#8221;100&#8243; position_vertical=&#8221;bottom&#8221; gutter_size=&#8221;3&#8243; overlay_alpha=&#8221;50&#8243; shift_x=&#8221;0&#8243; shift_y=&#8221;0&#8243; shift_y_down=&#8221;0&#8243; z_index=&#8221;0&#8243; medium_width=&#8221;0&#8243; mobile_width=&#8221;0&#8243; width=&#8221;1\/2&#8243; uncode_shortcode_id=&#8221;183661&#8243;][uncode_vertical_text vertical_text_h_pos=&#8221;0&#8243; z_index=&#8221;0&#8243; text_weight=&#8221;900&#8243; text_space=&#8221;fontspace-112704&#8243; text_color=&#8221;color-xsdn&#8221; uncode_shortcode_id=&#8221;804817&#8243; text_color_type=&#8221;uncode-palette&#8221;]<\/p>\n<h1>Photo exhibition &#8220;Kaunas 2022 Creators&#8221; by Agn\u0117 Bekeraityt\u0117-Popier\u0117<\/h1>\n<p>[\/uncode_vertical_text][vc_column_text text_color=&#8221;color-xsdn&#8221; uncode_shortcode_id=&#8221;609922&#8243; css=&#8221;.vc_custom_1678710059527{border-bottom-width: 0px !important;padding-top: 0px !important;padding-right: 10px !important;padding-left: 0px !important;}&#8221; text_color_type=&#8221;uncode-palette&#8221;]<\/p>\n<div>\n<p class=\"x_MsoNormal\"><span class=\"x_normaltextrun\"><span lang=\"EN-GB\">A project the size of Kaunas 2022 could have never been created by a group of ten, fifty or even one thousand people. <strong>Nineteen thousand<\/strong>. That is how many of us it took to make all of this happen. Burning with a great desire and giving their best effort. Or contributing once or twice, even if just for a little while. All this to make Kaunas one big European cultural scene in 2022. <\/span><\/span><\/p>\n<p class=\"x_MsoNormal\"><span class=\"x_normaltextrun\"><span lang=\"EN-GB\">The year has flown by, in the blink of an eye. But the European Capital of Culture project has left an indelible imprint\u00a0on the city\u2019s memory. It has also left a lasting imprint in the hearts of all those who contributed. Who were the <strong>19,000<\/strong> heroes of the city? Agn\u0117 Bekeraityt\u0117-Popier\u0117 has been trying to find the answer to this question for a whole year, capturing with her characteristic gaze and the flash of her camera all the project\u2019s most outstanding artists from all over the world: musicians, dancers, directors, painters, sculptors, animators, and many others. These are the creators who have breathed life into the European Capital of Culture project. They were all here. They were here for us. They were here for the people of Kaunas. At least for a short time, at least for the year of 2022.<\/span><\/span><span class=\"x_eop\">\u00a0<\/span><\/p>\n<\/div>\n<div>\n<div>\n<p class=\"x_MsoNormal\">\n<\/div>\n<\/div>\n<p>[\/vc_column_text][vc_row_inner limit_content=&#8221;&#8221;][vc_column_inner width=&#8221;1\/2&#8243;][vc_column_text text_color=&#8221;color-xsdn&#8221; uncode_shortcode_id=&#8221;182723&#8243; css=&#8221;.vc_custom_1678698901437{border-bottom-width: 0px !important;padding-top: 0px !important;padding-right: 10px !important;padding-left: 0px !important;}&#8221; text_color_type=&#8221;uncode-palette&#8221;]<\/p>\n<div>\n<h3 class=\"x11i5rnm xat24cr x1mh8g0r x1vvkbs xtlvy1s\">Exhibition is open:<\/h3>\n<p class=\"x11i5rnm xat24cr x1mh8g0r x1vvkbs xtlvy1s\">March 17th\u2013April 16th, Temporary M. K. \u010ciurlionis gallery (A. Mackevi\u010diaus st. 27, Kaunas)<\/p>\n<\/div>\n<p>[\/vc_column_text][\/vc_column_inner][vc_column_inner width=&#8221;1\/2&#8243;][vc_column_text text_color=&#8221;color-xsdn&#8221; uncode_shortcode_id=&#8221;160784&#8243; css=&#8221;.vc_custom_1678698842970{border-bottom-width: 0px !important;padding-top: 0px !important;padding-right: 10px !important;padding-left: 0px !important;}&#8221; text_color_type=&#8221;uncode-palette&#8221;]<\/p>\n<div>\n<h3 class=\"x11i5rnm xat24cr x1mh8g0r x1vvkbs xtlvy1s\">Working hours:<\/h3>\n<p class=\"x11i5rnm xat24cr x1mh8g0r x1vvkbs xtlvy1s\">Mondays to Fridays:<br \/>\n<strong>12AM &#8211; 7PM<\/strong><br \/>\nSaturdays to Sundays:<br \/>\n<strong>11AM &#8211; 5PM<\/strong><\/p>\n<\/div>\n<p>[\/vc_column_text][\/vc_column_inner][\/vc_row_inner][\/vc_column][\/vc_row][vc_row unlock_row_content=&#8221;yes&#8221; row_height_percent=&#8221;0&#8243; override_padding=&#8221;yes&#8221; h_padding=&#8221;0&#8243; top_padding=&#8221;2&#8243; bottom_padding=&#8221;2&#8243; overlay_alpha=&#8221;50&#8243; gutter_size=&#8221;3&#8243; column_width_percent=&#8221;100&#8243; shift_y=&#8221;0&#8243; z_index=&#8221;0&#8243; el_class=&#8221;sec-1&#8243; uncode_shortcode_id=&#8221;313036&#8243; back_color_type=&#8221;uncode-solid&#8221; back_color_solid=&#8221;#000000&#8243; row_name=&#8221;RECEPTAS ATSINAUJINIMUI&#8221;][vc_column column_width_percent=&#8221;82&#8243; gutter_size=&#8221;3&#8243; overlay_alpha=&#8221;50&#8243; shift_x=&#8221;0&#8243; shift_y=&#8221;0&#8243; shift_y_down=&#8221;0&#8243; z_index=&#8221;0&#8243; medium_width=&#8221;0&#8243; mobile_width=&#8221;0&#8243; width=&#8221;1\/1&#8243; uncode_shortcode_id=&#8221;534628&#8243;][vc_separator sep_color=&#8221;color-xsdn&#8221; uncode_shortcode_id=&#8221;134935&#8243; sep_color_type=&#8221;uncode-palette&#8221; el_height=&#8221;2px&#8221;][\/vc_column][\/vc_row][vc_row row_height_percent=&#8221;0&#8243; back_color=&#8221;color-jevc&#8221; overlay_alpha=&#8221;50&#8243; gutter_size=&#8221;3&#8243; column_width_percent=&#8221;100&#8243; shift_y=&#8221;0&#8243; z_index=&#8221;0&#8243; uncode_shortcode_id=&#8221;398771&#8243; back_color_type=&#8221;uncode-palette&#8221; el_class=&#8221;acco-white&#8221;][vc_column column_width_percent=&#8221;100&#8243; gutter_size=&#8221;3&#8243; overlay_alpha=&#8221;50&#8243; shift_x=&#8221;0&#8243; shift_y=&#8221;0&#8243; shift_y_down=&#8221;0&#8243; z_index=&#8221;0&#8243; medium_width=&#8221;0&#8243; mobile_width=&#8221;0&#8243; width=&#8221;2\/3&#8243; uncode_shortcode_id=&#8221;139389&#8243;][uncode_vertical_text vertical_text_h_pos=&#8221;0&#8243; z_index=&#8221;0&#8243; text_weight=&#8221;900&#8243; text_space=&#8221;fontspace-112704&#8243; text_color=&#8221;color-xsdn&#8221; uncode_shortcode_id=&#8221;961968&#8243; text_color_type=&#8221;uncode-palette&#8221;]<\/p>\n<h1><span class=\"x_contentpasted4\">Agn\u0117 Bekeraityt\u0117-Popier\u0117<\/span><\/h1>\n<p>[\/uncode_vertical_text][vc_row_inner limit_content=&#8221;&#8221;][vc_column_inner width=&#8221;1\/2&#8243;][vc_column_text text_color=&#8221;color-xsdn&#8221; uncode_shortcode_id=&#8221;740383&#8243; css=&#8221;.vc_custom_1678699871506{border-bottom-width: 0px !important;padding-top: 0px !important;padding-right: 10px !important;padding-left: 0px !important;}&#8221; text_color_type=&#8221;uncode-palette&#8221;]<\/p>\n<p class=\"x_MsoNormal\"><span class=\"NormalTextRun SCXW103618678 BCX4\">currently lives in Lithuania, although her work and international projects often take her around the world. Photography opens many doors in <\/span><span class=\"NormalTextRun SCXW103618678 BCX4\">Agn\u0117\u2019s<\/span><span class=\"NormalTextRun SCXW103618678 BCX4\"> life and allows her to meet fascinating personalities. Farmers, <\/span><span class=\"NormalTextRun SCXW103618678 BCX4\">engineers<\/span><span class=\"NormalTextRun SCXW103618678 BCX4\"> or the Hollywood elite \u2013 every portrait has its own story, and it is the photographer\u2019s duty to capture it honestly. After graduating in Photographic Art from the UK\u2019s University for the Creative Arts (UCA) in 2015, Agn\u0117 has spent the last seven years working in London\u2019s photography industry. Today, she is happy to be working in Lithuania.<\/span><\/p>\n<p>[\/vc_column_text][\/vc_column_inner][vc_column_inner column_width_percent=&#8221;100&#8243; position_vertical=&#8221;bottom&#8221; gutter_size=&#8221;3&#8243; overlay_alpha=&#8221;50&#8243; shift_x=&#8221;0&#8243; shift_y=&#8221;0&#8243; shift_y_down=&#8221;0&#8243; z_index=&#8221;0&#8243; medium_width=&#8221;0&#8243; mobile_width=&#8221;0&#8243; width=&#8221;1\/2&#8243; uncode_shortcode_id=&#8221;308524&#8243;][vc_column_text text_color=&#8221;color-xsdn&#8221; uncode_shortcode_id=&#8221;519841&#8243; css=&#8221;.vc_custom_1678699885398{border-bottom-width: 0px !important;padding-top: 0px !important;padding-right: 10px !important;padding-left: 0px !important;}&#8221; text_color_type=&#8221;uncode-palette&#8221;]<\/p>\n<p class=\"x_MsoNormal\">The \u201cKaunas2022 Creators\u201d project has taken over a year to produce, during which time the photographer captured the personalities who dedicated their time to Kaunas, the European Capital of Culture. This is a series of photographs, this time not about the year\u2019s truly spectacular cultural programme, but about the people from whom culture begins.<\/p>\n<p>[\/vc_column_text][\/vc_column_inner][\/vc_row_inner][\/vc_column][vc_column column_width_percent=&#8221;100&#8243; position_vertical=&#8221;bottom&#8221; gutter_size=&#8221;3&#8243; overlay_alpha=&#8221;50&#8243; shift_x=&#8221;0&#8243; shift_y=&#8221;0&#8243; shift_y_down=&#8221;0&#8243; z_index=&#8221;0&#8243; medium_width=&#8221;0&#8243; mobile_width=&#8221;0&#8243; width=&#8221;1\/3&#8243; uncode_shortcode_id=&#8221;183661&#8243;][vc_single_image media=&#8221;125956&#8243; media_width_percent=&#8221;100&#8243; uncode_shortcode_id=&#8221;865854&#8243;][\/vc_column][\/vc_row][vc_row unlock_row_content=&#8221;yes&#8221; row_height_percent=&#8221;0&#8243; override_padding=&#8221;yes&#8221; h_padding=&#8221;0&#8243; top_padding=&#8221;2&#8243; bottom_padding=&#8221;2&#8243; overlay_alpha=&#8221;50&#8243; gutter_size=&#8221;3&#8243; column_width_percent=&#8221;100&#8243; shift_y=&#8221;0&#8243; z_index=&#8221;0&#8243; el_class=&#8221;sec-1&#8243; uncode_shortcode_id=&#8221;313036&#8243; back_color_type=&#8221;uncode-solid&#8221; back_color_solid=&#8221;#000000&#8243; row_name=&#8221;RECEPTAS ATSINAUJINIMUI&#8221;][vc_column column_width_percent=&#8221;82&#8243; gutter_size=&#8221;3&#8243; overlay_alpha=&#8221;50&#8243; shift_x=&#8221;0&#8243; shift_y=&#8221;0&#8243; shift_y_down=&#8221;0&#8243; z_index=&#8221;0&#8243; medium_width=&#8221;0&#8243; mobile_width=&#8221;0&#8243; width=&#8221;1\/1&#8243; uncode_shortcode_id=&#8221;534628&#8243;][vc_separator sep_color=&#8221;color-xsdn&#8221; uncode_shortcode_id=&#8221;134935&#8243; sep_color_type=&#8221;uncode-palette&#8221; el_height=&#8221;2px&#8221;][\/vc_column][\/vc_row][vc_row row_height_percent=&#8221;0&#8243; back_color=&#8221;color-jevc&#8221; overlay_alpha=&#8221;50&#8243; gutter_size=&#8221;3&#8243; column_width_percent=&#8221;100&#8243; shift_y=&#8221;0&#8243; z_index=&#8221;0&#8243; uncode_shortcode_id=&#8221;104621&#8243; back_color_type=&#8221;uncode-palette&#8221; el_class=&#8221;acco-white&#8221;][vc_column column_width_percent=&#8221;100&#8243; gutter_size=&#8221;3&#8243; overlay_alpha=&#8221;50&#8243; shift_x=&#8221;0&#8243; shift_y=&#8221;0&#8243; shift_y_down=&#8221;0&#8243; z_index=&#8221;0&#8243; medium_width=&#8221;0&#8243; mobile_width=&#8221;0&#8243; width=&#8221;1\/3&#8243; uncode_shortcode_id=&#8221;139389&#8243;][vc_single_image media=&#8221;125953&#8243; media_width_percent=&#8221;100&#8243; uncode_shortcode_id=&#8221;766838&#8243;][\/vc_column][vc_column column_width_percent=&#8221;100&#8243; position_vertical=&#8221;bottom&#8221; gutter_size=&#8221;3&#8243; overlay_alpha=&#8221;50&#8243; shift_x=&#8221;0&#8243; shift_y=&#8221;0&#8243; shift_y_down=&#8221;0&#8243; z_index=&#8221;0&#8243; medium_width=&#8221;0&#8243; mobile_width=&#8221;0&#8243; width=&#8221;1\/3&#8243; uncode_shortcode_id=&#8221;183661&#8243;][vc_single_image media=&#8221;125959&#8243; media_width_percent=&#8221;100&#8243; uncode_shortcode_id=&#8221;138790&#8243;][\/vc_column][vc_column column_width_percent=&#8221;100&#8243; position_vertical=&#8221;bottom&#8221; gutter_size=&#8221;3&#8243; overlay_alpha=&#8221;50&#8243; shift_x=&#8221;0&#8243; shift_y=&#8221;0&#8243; shift_y_down=&#8221;0&#8243; z_index=&#8221;0&#8243; medium_width=&#8221;0&#8243; mobile_width=&#8221;0&#8243; width=&#8221;1\/3&#8243; uncode_shortcode_id=&#8221;183027&#8243;][vc_single_image media=&#8221;126127&#8243; media_width_percent=&#8221;100&#8243; uncode_shortcode_id=&#8221;136628&#8243;][\/vc_column][\/vc_row][vc_row row_height_percent=&#8221;0&#8243; back_color=&#8221;color-jevc&#8221; overlay_alpha=&#8221;50&#8243; gutter_size=&#8221;3&#8243; column_width_percent=&#8221;100&#8243; shift_y=&#8221;0&#8243; z_index=&#8221;0&#8243; uncode_shortcode_id=&#8221;634210&#8243; back_color_type=&#8221;uncode-palette&#8221;][vc_column width=&#8221;1\/1&#8243;][vc_empty_space empty_h=&#8221;2&#8243;][vc_single_image media=&#8221;126123&#8243; media_width_percent=&#8221;100&#8243; uncode_shortcode_id=&#8221;136288&#8243;][vc_empty_space empty_h=&#8221;2&#8243;][\/vc_column][\/vc_row]<\/p>\n","protected":false},"excerpt":{"rendered":"<p>[vc_row unlock_row_content=&#8221;yes&#8221; row_height_percent=&#8221;0&#8243; override_padding=&#8221;yes&#8221; h_padding=&#8221;0&#8243; top_padding=&#8221;2&#8243; bottom_padding=&#8221;2&#8243; back_color=&#8221;color-jevc&#8221; overlay_alpha=&#8221;50&#8243; gutter_size=&#8221;3&#8243; column_width_percent=&#8221;100&#8243; shift_y=&#8221;0&#8243; z_index=&#8221;0&#8243; uncode_shortcode_id=&#8221;206199&#8243; back_color_type=&#8221;uncode-palette&#8221; el_class=&#8221;acco-white&#8221;][vc_column column_width_percent=&#8221;100&#8243; gutter_size=&#8221;3&#8243; overlay_alpha=&#8221;50&#8243; shift_x=&#8221;0&#8243; [&hellip;]<\/p>\n","protected":false},"author":19,"featured_media":125985,"parent":0,"menu_order":0,"comment_status":"closed","ping_status":"closed","template":"","meta":{"footnotes":""},"class_list":["post-125988","page","type-page","status-publish","has-post-thumbnail","hentry"],"_links":{"self":[{"href":"https:\/\/kaunas2022.eu\/en\/wp-json\/wp\/v2\/pages\/125988","targetHints":{"allow":["GET"]}}],"collection":[{"href":"https:\/\/kaunas2022.eu\/en\/wp-json\/wp\/v2\/pages"}],"about":[{"href":"https:\/\/kaunas2022.eu\/en\/wp-json\/wp\/v2\/types\/page"}],"author":[{"embeddable":true,"href":"https:\/\/kaunas2022.eu\/en\/wp-json\/wp\/v2\/users\/19"}],"replies":[{"embeddable":true,"href":"https:\/\/kaunas2022.eu\/en\/wp-json\/wp\/v2\/comments?post=125988"}],"version-history":[{"count":22,"href":"https:\/\/kaunas2022.eu\/en\/wp-json\/wp\/v2\/pages\/125988\/revisions"}],"predecessor-version":[{"id":126167,"href":"https:\/\/kaunas2022.eu\/en\/wp-json\/wp\/v2\/pages\/125988\/revisions\/126167"}],"wp:featuredmedia":[{"embeddable":true,"href":"https:\/\/kaunas2022.eu\/en\/wp-json\/wp\/v2\/media\/125985"}],"wp:attachment":[{"href":"https:\/\/kaunas2022.eu\/en\/wp-json\/wp\/v2\/media?parent=125988"}],"curies":[{"name":"wp","href":"https:\/\/api.w.org\/{rel}","templated":true}]}}