{"id":116880,"date":"2022-11-25T05:22:42","date_gmt":"2022-11-25T05:22:42","guid":{"rendered":"https:\/\/kaunas2022.eu\/?page_id=116880"},"modified":"2022-11-25T13:30:43","modified_gmt":"2022-11-25T13:30:43","slug":"libretto","status":"publish","type":"page","link":"https:\/\/kaunas2022.eu\/en\/libretto\/","title":{"rendered":"\u201cThe Contract\u201d: libretto"},"content":{"rendered":"<p>[vc_row row_height_percent=&#8221;0&#8243; overlay_alpha=&#8221;50&#8243; gutter_size=&#8221;3&#8243; column_width_percent=&#8221;100&#8243; shift_y=&#8221;0&#8243; z_index=&#8221;0&#8243; uncode_shortcode_id=&#8221;121520&#8243; back_color_type=&#8221;uncode-solid&#8221; back_color_solid=&#8221;#000000&#8243;][vc_column width=&#8221;1\/1&#8243;][vc_empty_space empty_h=&#8221;2&#8243;][\/vc_column][\/vc_row][vc_row row_height_percent=&#8221;0&#8243; override_padding=&#8221;yes&#8221; h_padding=&#8221;2&#8243; top_padding=&#8221;0&#8243; bottom_padding=&#8221;2&#8243; overlay_alpha=&#8221;50&#8243; gutter_size=&#8221;3&#8243; column_width_percent=&#8221;100&#8243; shift_y=&#8221;0&#8243; z_index=&#8221;0&#8243; css=&#8221;.vc_custom_1668980716215{padding-top: 0px !important;padding-bottom: 0px !important;}&#8221; uncode_shortcode_id=&#8221;923046&#8243; back_color_type=&#8221;uncode-solid&#8221; back_color_solid=&#8221;#000000&#8243;][vc_column column_width_percent=&#8221;100&#8243; align_horizontal=&#8221;align_center&#8221; gutter_size=&#8221;3&#8243; overlay_alpha=&#8221;50&#8243; shift_x=&#8221;0&#8243; shift_y=&#8221;0&#8243; shift_y_down=&#8221;0&#8243; z_index=&#8221;0&#8243; medium_visibility=&#8221;yes&#8221; medium_width=&#8221;0&#8243; mobile_visibility=&#8221;yes&#8221; mobile_width=&#8221;0&#8243; width=&#8221;1\/3&#8243; uncode_shortcode_id=&#8221;172852&#8243;][vc_single_image media=&#8221;116925&#8243; media_width_percent=&#8221;50&#8243; alignment=&#8221;center&#8221; uncode_shortcode_id=&#8221;117128&#8243;][\/vc_column][vc_column column_width_percent=&#8221;100&#8243; position_vertical=&#8221;bottom&#8221; gutter_size=&#8221;2&#8243; overlay_alpha=&#8221;50&#8243; shift_x=&#8221;0&#8243; shift_y=&#8221;0&#8243; shift_y_down=&#8221;0&#8243; z_index=&#8221;0&#8243; medium_width=&#8221;0&#8243; mobile_width=&#8221;0&#8243; width=&#8221;2\/3&#8243; uncode_shortcode_id=&#8221;114559&#8243;][vc_single_image media=&#8221;118300&#8243; media_width_percent=&#8221;80&#8243; uncode_shortcode_id=&#8221;205982&#8243;][vc_column_text text_color=&#8221;color-xsdn&#8221; uncode_shortcode_id=&#8221;179874&#8243; text_color_type=&#8221;uncode-palette&#8221;]<\/p>\n<h1 style=\"text-align: left;\"><span style=\"color: #ffffff;\">THE CONTEMPORARY MYTH OF KAUNAS TRILOGY<\/span><\/h1>\n<p>[\/vc_column_text][vc_column_text text_color=&#8221;color-xsdn&#8221; uncode_shortcode_id=&#8221;574682&#8243; text_color_type=&#8221;uncode-palette&#8221;]<\/p>\n<h1 style=\"text-align: left;\"><span style=\"color: #ffffff;\">ACT 3:\u00a0FROM TEMPORARY TO CONTEMPORARY.\u00a0THE CONTRACT<\/span><\/h1>\n<p>[\/vc_column_text][\/vc_column][\/vc_row][vc_row row_height_percent=&#8221;0&#8243; override_padding=&#8221;yes&#8221; h_padding=&#8221;2&#8243; top_padding=&#8221;0&#8243; bottom_padding=&#8221;1&#8243; overlay_alpha=&#8221;50&#8243; gutter_size=&#8221;3&#8243; column_width_percent=&#8221;100&#8243; shift_y=&#8221;0&#8243; z_index=&#8221;0&#8243; css=&#8221;.vc_custom_1668974705472{padding-top: 0px !important;padding-bottom: 0px !important;}&#8221; uncode_shortcode_id=&#8221;143857&#8243; back_color_type=&#8221;uncode-solid&#8221; back_color_solid=&#8221;#000000&#8243;][vc_column width=&#8221;1\/3&#8243;][vc_custom_heading text_size=&#8221;h1&#8243; text_weight=&#8221;400&#8243; uncode_shortcode_id=&#8221;507530&#8243; el_class=&#8221;mob-prog-white&#8221;]<\/p>\n<h2 style=\"font-size: 68px; text-align: center;\"><em><span style=\"color: #02d861;\">\u201cThe Contract\u201d<\/span><\/em><\/h2>\n<p>[\/vc_custom_heading][\/vc_column][vc_column column_width_percent=&#8221;100&#8243; position_vertical=&#8221;bottom&#8221; gutter_size=&#8221;3&#8243; overlay_alpha=&#8221;50&#8243; shift_x=&#8221;0&#8243; shift_y=&#8221;0&#8243; shift_y_down=&#8221;0&#8243; z_index=&#8221;0&#8243; medium_width=&#8221;0&#8243; mobile_width=&#8221;0&#8243; width=&#8221;2\/3&#8243; uncode_shortcode_id=&#8221;185849&#8243;][vc_column_text text_color=&#8221;color-xsdn&#8221; uncode_shortcode_id=&#8221;150872&#8243; text_color_type=&#8221;uncode-palette&#8221;]<\/p>\n<h1 style=\"font-weight: 400;\"><span style=\"color: #ffffff;\">is a musical piece about the spirit of the city of Kaunas, a dedication to its history, present and future, its uniqueness. The performance consists of 6 parts.\u00a0\u00a0<\/span><\/h1>\n<p>[\/vc_column_text][\/vc_column][\/vc_row][vc_row row_height_percent=&#8221;0&#8243; override_padding=&#8221;yes&#8221; h_padding=&#8221;2&#8243; top_padding=&#8221;2&#8243; bottom_padding=&#8221;0&#8243; overlay_alpha=&#8221;50&#8243; gutter_size=&#8221;3&#8243; column_width_percent=&#8221;100&#8243; shift_y=&#8221;0&#8243; z_index=&#8221;0&#8243; uncode_shortcode_id=&#8221;118102&#8243; back_color_type=&#8221;uncode-solid&#8221; back_color_solid=&#8221;#000000&#8243; css=&#8221;.vc_custom_1668976832778{padding-top: 40px !important;}&#8221;][vc_column column_width_percent=&#8221;100&#8243; gutter_size=&#8221;2&#8243; overlay_alpha=&#8221;50&#8243; shift_x=&#8221;0&#8243; shift_y=&#8221;0&#8243; shift_y_down=&#8221;0&#8243; z_index=&#8221;0&#8243; medium_width=&#8221;0&#8243; mobile_width=&#8221;0&#8243; width=&#8221;1\/1&#8243; uncode_shortcode_id=&#8221;167816&#8243;][vc_column_text text_color=&#8221;color-xsdn&#8221; uncode_shortcode_id=&#8221;130140&#8243; text_color_type=&#8221;uncode-palette&#8221;]<\/p>\n<h1><em><span style=\"color: #02d861;\">Part 1. Introduction. Hunting the beast.<\/span><\/em><\/h1>\n<p>[\/vc_column_text][vc_column_text text_color=&#8221;color-xsdn&#8221; uncode_shortcode_id=&#8221;860461&#8243; text_color_type=&#8221;uncode-palette&#8221;]<\/p>\n<h4><span style=\"color: #ffffff;\">Kaunas does not have a single popular legend of its origin, so \u201cThe Contract\u201d attempts to create a symbolic myth of the city&#8217;s birth. The action begins with a scene of the hunt for a mythical beast at the confluence of two rivers, where the elements of wild nature and rituals prevail. In a space of old legends, the name of the city &#8211; Kaunas &#8211; is formed from individual sounds.\u00a0\u00a0<\/span><\/h4>\n<p>[\/vc_column_text][\/vc_column][\/vc_row][vc_row row_height_percent=&#8221;0&#8243; override_padding=&#8221;yes&#8221; h_padding=&#8221;2&#8243; top_padding=&#8221;2&#8243; bottom_padding=&#8221;0&#8243; overlay_alpha=&#8221;50&#8243; gutter_size=&#8221;3&#8243; column_width_percent=&#8221;100&#8243; shift_y=&#8221;0&#8243; z_index=&#8221;0&#8243; uncode_shortcode_id=&#8221;293124&#8243; back_color_type=&#8221;uncode-solid&#8221; back_color_solid=&#8221;#000000&#8243;][vc_column column_width_percent=&#8221;100&#8243; gutter_size=&#8221;2&#8243; overlay_alpha=&#8221;50&#8243; shift_x=&#8221;0&#8243; shift_y=&#8221;0&#8243; shift_y_down=&#8221;0&#8243; z_index=&#8221;0&#8243; medium_width=&#8221;0&#8243; mobile_width=&#8221;0&#8243; width=&#8221;1\/1&#8243; uncode_shortcode_id=&#8221;101940&#8243;][vc_column_text text_color=&#8221;color-xsdn&#8221; uncode_shortcode_id=&#8221;380402&#8243; text_color_type=&#8221;uncode-palette&#8221;]<\/p>\n<h1><em><span style=\"color: #02d861;\">Part 2. Urban growth.<\/span><\/em><\/h1>\n<p>[\/vc_column_text][vc_column_text text_color=&#8221;color-xsdn&#8221; uncode_shortcode_id=&#8221;107958&#8243; text_color_type=&#8221;uncode-palette&#8221;]<\/p>\n<h4><span style=\"color: #ffffff;\">The wild world of legends turns into civilization, and people into townspeople. In the hustle and bustle of the city square, there is an artisan market, modern dance intertwines with fragments of a procession, the kingdom of merchants and rivermen all raging here. Everything flows through the arteries of life \u2013 rivers \u2013 which nourish and enrich the city and its citizens.<\/span><\/h4>\n<p>[\/vc_column_text][\/vc_column][\/vc_row][vc_row row_height_percent=&#8221;0&#8243; override_padding=&#8221;yes&#8221; h_padding=&#8221;2&#8243; top_padding=&#8221;2&#8243; bottom_padding=&#8221;0&#8243; overlay_alpha=&#8221;50&#8243; gutter_size=&#8221;3&#8243; column_width_percent=&#8221;100&#8243; shift_y=&#8221;0&#8243; z_index=&#8221;0&#8243; uncode_shortcode_id=&#8221;414667&#8243; back_color_type=&#8221;uncode-solid&#8221; back_color_solid=&#8221;#000000&#8243;][vc_column column_width_percent=&#8221;100&#8243; gutter_size=&#8221;2&#8243; overlay_alpha=&#8221;50&#8243; shift_x=&#8221;0&#8243; shift_y=&#8221;0&#8243; shift_y_down=&#8221;0&#8243; z_index=&#8221;0&#8243; medium_width=&#8221;0&#8243; mobile_width=&#8221;0&#8243; width=&#8221;1\/1&#8243; uncode_shortcode_id=&#8221;177316&#8243;][vc_column_text text_color=&#8221;color-xsdn&#8221; uncode_shortcode_id=&#8221;195538&#8243; text_color_type=&#8221;uncode-palette&#8221;]<\/p>\n<h1><em><span style=\"color: #02d861;\">Part 3. Flood.<\/span><\/em><\/h1>\n<p>[\/vc_column_text][vc_column_text text_color=&#8221;color-xsdn&#8221; uncode_shortcode_id=&#8221;568583&#8243; text_color_type=&#8221;uncode-palette&#8221;]<\/p>\n<h4><span style=\"color: #ffffff;\">Kaunas has repeatedly suffered from powerful floods. The flood is real and poetically metaphysical. The energy of the city\u2019s rivers erupts, flooding the city, and residents try to fit into the symbolic Noah\u2019s Ark and save themselves. The hopeful voice of the girl \u2013 Neris is heard, and the spirit of the beast, which could protect the city can be felt everywhere, but will everyone be saved? Will everyone be accepted?\u00a0\u00a0<\/span><\/h4>\n<p>[\/vc_column_text][\/vc_column][\/vc_row][vc_row row_height_percent=&#8221;0&#8243; override_padding=&#8221;yes&#8221; h_padding=&#8221;2&#8243; top_padding=&#8221;2&#8243; bottom_padding=&#8221;0&#8243; overlay_alpha=&#8221;50&#8243; gutter_size=&#8221;3&#8243; column_width_percent=&#8221;100&#8243; shift_y=&#8221;0&#8243; z_index=&#8221;0&#8243; uncode_shortcode_id=&#8221;254508&#8243; back_color_type=&#8221;uncode-solid&#8221; back_color_solid=&#8221;#000000&#8243;][vc_column column_width_percent=&#8221;100&#8243; gutter_size=&#8221;2&#8243; overlay_alpha=&#8221;50&#8243; shift_x=&#8221;0&#8243; shift_y=&#8221;0&#8243; shift_y_down=&#8221;0&#8243; z_index=&#8221;0&#8243; medium_width=&#8221;0&#8243; mobile_width=&#8221;0&#8243; width=&#8221;1\/1&#8243; uncode_shortcode_id=&#8221;933176&#8243;][vc_column_text text_color=&#8221;color-xsdn&#8221; uncode_shortcode_id=&#8221;562096&#8243; text_color_type=&#8221;uncode-palette&#8221;]<\/p>\n<h1><em><span style=\"color: #02d861;\">Part 4. The element of industry.<\/span><\/em><\/h1>\n<p>[\/vc_column_text][vc_column_text text_color=&#8221;color-xsdn&#8221; uncode_shortcode_id=&#8221;412155&#8243; text_color_type=&#8221;uncode-palette&#8221;]<\/p>\n<h4><span style=\"color: #ffffff;\">The city continues to develop &#8211; industry grows, a railway and bridges are built, natural elements are increasingly tamed and subjugated to man. A certain roboticity is reflected in the urban part. Scientific or industrial development always has a dark side, so the progressive urban industry turns into a militaristic danger and passes into episodes of war and occupation.\u00a0<\/span><\/h4>\n<p>[\/vc_column_text][\/vc_column][\/vc_row][vc_row row_height_percent=&#8221;0&#8243; override_padding=&#8221;yes&#8221; h_padding=&#8221;2&#8243; top_padding=&#8221;2&#8243; bottom_padding=&#8221;0&#8243; overlay_alpha=&#8221;50&#8243; gutter_size=&#8221;3&#8243; column_width_percent=&#8221;100&#8243; shift_y=&#8221;0&#8243; z_index=&#8221;0&#8243; uncode_shortcode_id=&#8221;180499&#8243; back_color_type=&#8221;uncode-solid&#8221; back_color_solid=&#8221;#000000&#8243;][vc_column column_width_percent=&#8221;100&#8243; gutter_size=&#8221;2&#8243; overlay_alpha=&#8221;50&#8243; shift_x=&#8221;0&#8243; shift_y=&#8221;0&#8243; shift_y_down=&#8221;0&#8243; z_index=&#8221;0&#8243; medium_width=&#8221;0&#8243; mobile_width=&#8221;0&#8243; width=&#8221;1\/1&#8243; uncode_shortcode_id=&#8221;143502&#8243;][vc_column_text text_color=&#8221;color-xsdn&#8221; uncode_shortcode_id=&#8221;392677&#8243; text_color_type=&#8221;uncode-palette&#8221;]<\/p>\n<h1><em><span style=\"color: #02d861;\">Part 5. War.<\/span><\/em><\/h1>\n<p>[\/vc_column_text][vc_column_text text_color=&#8221;color-xsdn&#8221; uncode_shortcode_id=&#8221;111619&#8243; text_color_type=&#8221;uncode-palette&#8221;]<\/p>\n<h4><span style=\"color: #ffffff;\">War is an invasion by a foreign external force, but the discord among us is just as terrible, as it destroys any city from within, weakens its energy, and slows down its prosperity and growth. It is the collapse of the city within each of us, the unrecognized beast, the dark side of our souls.<\/span><\/h4>\n<p>[\/vc_column_text][\/vc_column][\/vc_row][vc_row row_height_percent=&#8221;0&#8243; override_padding=&#8221;yes&#8221; h_padding=&#8221;2&#8243; top_padding=&#8221;2&#8243; bottom_padding=&#8221;2&#8243; overlay_alpha=&#8221;50&#8243; gutter_size=&#8221;3&#8243; column_width_percent=&#8221;100&#8243; shift_y=&#8221;0&#8243; z_index=&#8221;0&#8243; uncode_shortcode_id=&#8221;129605&#8243; back_color_type=&#8221;uncode-solid&#8221; back_color_solid=&#8221;#000000&#8243;][vc_column column_width_percent=&#8221;100&#8243; gutter_size=&#8221;2&#8243; overlay_alpha=&#8221;50&#8243; shift_x=&#8221;0&#8243; shift_y=&#8221;0&#8243; shift_y_down=&#8221;0&#8243; z_index=&#8221;0&#8243; medium_width=&#8221;0&#8243; mobile_width=&#8221;0&#8243; width=&#8221;1\/1&#8243; uncode_shortcode_id=&#8221;128998&#8243;][vc_column_text text_color=&#8221;color-xsdn&#8221; uncode_shortcode_id=&#8221;956107&#8243; text_color_type=&#8221;uncode-palette&#8221;]<\/p>\n<h1><em><span style=\"color: #02d861;\">Part 6. Reconciliation and freedom.<\/span><\/em><\/h1>\n<p>[\/vc_column_text][vc_column_text text_color=&#8221;color-xsdn&#8221; uncode_shortcode_id=&#8221;888879&#8243; text_color_type=&#8221;uncode-palette&#8221;]<\/p>\n<h4><span style=\"color: #ffffff;\">Citizens must grow with their city. Only then will we live in a prosperous city. This requires the C O N T R A C T. An agreement with yourself, all the people and your city. It is the union of the outer city and the inner city of each of us: the reconciliation of the past with the present and the present with the future, acceptance of the history of the city as it is, unadorned and real. It is coherence between mind and heart, between science and poetry. The city code is that everyone in this city is free and dignified. Kaunas has always been famous for its fight for freedom and its freedom fighters. A contract is our freedom, our promise to create and build. It is our belief that in the future, at the confluence of two rivers, our city will grow, live, and prosper.<\/span><\/h4>\n<p>[\/vc_column_text][\/vc_column][\/vc_row][vc_row row_height_percent=&#8221;0&#8243; override_padding=&#8221;yes&#8221; h_padding=&#8221;2&#8243; top_padding=&#8221;2&#8243; bottom_padding=&#8221;0&#8243; overlay_alpha=&#8221;50&#8243; gutter_size=&#8221;3&#8243; column_width_percent=&#8221;100&#8243; shift_y=&#8221;0&#8243; z_index=&#8221;0&#8243; uncode_shortcode_id=&#8221;507176&#8243; back_color_type=&#8221;uncode-solid&#8221; back_color_solid=&#8221;#000000&#8243;][vc_column column_width_percent=&#8221;100&#8243; gutter_size=&#8221;2&#8243; overlay_alpha=&#8221;50&#8243; shift_x=&#8221;0&#8243; shift_y=&#8221;0&#8243; shift_y_down=&#8221;0&#8243; z_index=&#8221;0&#8243; medium_width=&#8221;0&#8243; mobile_width=&#8221;0&#8243; width=&#8221;1\/3&#8243; uncode_shortcode_id=&#8221;128998&#8243;][vc_column_text text_color=&#8221;color-xsdn&#8221; uncode_shortcode_id=&#8221;153244&#8243; text_color_type=&#8221;uncode-palette&#8221;]<\/p>\n<h1><span style=\"color: #02d861;\">CREATIVE TEAM<\/span><\/h1>\n<p>[\/vc_column_text][vc_column_text text_color=&#8221;color-xsdn&#8221; uncode_shortcode_id=&#8221;210824&#8243; text_color_type=&#8221;uncode-palette&#8221;]<\/p>\n<h4><span style=\"color: #ffffff;\">Composer and concept author: Zita Bru\u017eait\u0117<\/span><\/h4>\n<h4><span style=\"color: #ffffff;\">Libretto author: Daiva \u010cepauskait\u0117 <\/span><\/h4>\n<h4><span style=\"color: #ffffff;\">Director: Gediminas \u0160eduikis <\/span><\/h4>\n<h4><span style=\"color: #ffffff;\">Scenographer: Sigita \u0160imk\u016bnait\u0117<\/span><\/h4>\n<h4><span style=\"color: #ffffff;\">Costume designer: Sandra Straukait\u0117 <\/span><\/h4>\n<h4><span style=\"color: #ffffff;\">Choreographer: Agnija \u0160eiko <\/span><\/h4>\n<h4><span style=\"color: #ffffff;\">Choir\u2019s artistic director: Danguol\u0117 Beinaryt\u0117 <\/span><\/h4>\n<h4><span style=\"color: #ffffff;\">Lighting designer: Andrius Stasiulis <\/span><\/h4>\n<h4><span style=\"color: #ffffff;\">Conductor: Dirigentas Ri\u010dardas \u0160umila <\/span><\/h4>\n<h4><span style=\"color: #ffffff;\">Assistant choreographers: Gintar\u0117 Marija \u016as\u0117 and Mantas \u016asas<\/span><\/h4>\n<p>[\/vc_column_text][\/vc_column][vc_column column_width_percent=&#8221;100&#8243; gutter_size=&#8221;2&#8243; overlay_alpha=&#8221;50&#8243; shift_x=&#8221;0&#8243; shift_y=&#8221;0&#8243; shift_y_down=&#8221;0&#8243; z_index=&#8221;0&#8243; medium_width=&#8221;0&#8243; mobile_width=&#8221;0&#8243; width=&#8221;1\/3&#8243; uncode_shortcode_id=&#8221;135769&#8243;][vc_column_text text_color=&#8221;color-xsdn&#8221; uncode_shortcode_id=&#8221;490872&#8243; text_color_type=&#8221;uncode-palette&#8221;]<\/p>\n<h1 style=\"text-align: left;\"><span style=\"color: #02d861;\">PERFORMING ARTISTS<\/span><\/h1>\n<p>[\/vc_column_text][vc_column_text text_color=&#8221;color-xsdn&#8221; uncode_shortcode_id=&#8221;111506&#8243; text_color_type=&#8221;uncode-palette&#8221;]<\/p>\n<h4><span style=\"color: #ffffff;\">Monika Ple\u0161kyt\u0117 (soprano)<\/span><\/h4>\n<h4><span style=\"color: #ffffff;\">Jeronimas Milius (tenor)<\/span><\/h4>\n<h4><span style=\"color: #ffffff;\">Petras Lisauskas (dancer)<\/span><\/h4>\n<h4><\/h4>\n<h4><span style=\"color: #ffffff;\">Ensembles from the \u201cKauno Santaka\u201d Concert Institution<\/span><br \/>\n<span style=\"color: #ffffff;\">(director: Vaidas Andriu\u0161kevi\u010dius)<\/span><\/h4>\n<h4><span style=\"color: #ffffff;\">Kaunas Big Band<\/span><br \/>\n<span style=\"color: #ffffff;\">(chief conductor: Jievaras Jasinskis)<\/span><\/h4>\n<h4><span style=\"color: #ffffff;\">Kaunas \u201c\u0104\u017euolynas\u201d Wind Orchestra<\/span><br \/>\n<span style=\"color: #ffffff;\">(chief conductor: Giedrius Vaznys)<\/span><\/h4>\n<h4><span style=\"color: #ffffff;\">Kaunas \u201cAiniai\u201d Music Ensemble<\/span><br \/>\n<span style=\"color: #ffffff;\">(concertmaster: Narimantas Murauskas)<\/span><\/h4>\n<h4><span style=\"color: #ffffff;\">KTU \u201cJaunyst\u0117\u201d Academic Choir<\/span><br \/>\n<span style=\"color: #ffffff;\">(artistic director and conductor: Danguol\u0117 Beinaryt\u0117)<\/span><\/h4>\n<p>[\/vc_column_text][\/vc_column][vc_column width=&#8221;1\/3&#8243;][vc_column_text text_color=&#8221;color-xsdn&#8221; uncode_shortcode_id=&#8221;203131&#8243; text_color_type=&#8221;uncode-palette&#8221;]<\/p>\n<h4><span style=\"color: #ffffff;\">Vocal group of A.Ka\u010danauskas Music School \u201cDangi&amp;Dangiukai\u201d (director Danguol\u0117 Beinaryt\u0117) <\/span><\/h4>\n<h4><span style=\"color: #ffffff;\">\u0160eiko Dance Company\u2019s choreographic troupe\u00a0(artistic director: Agnija \u0160eiko)<\/span><\/h4>\n<h4><span style=\"color: #ffffff;\">Dance company \u201eNuepiko\u201c<\/span><br \/>\n<span style=\"color: #ffffff;\">(director: Marius Pinigis)<\/span><\/h4>\n<h4><span style=\"color: #ffffff;\">Dance company \u201eUlna\u201c<\/span><br \/>\n<span style=\"color: #ffffff;\">(artistic director: Indr\u0117 Pui\u0161yt\u0117-\u0160idlauskien\u0117)<\/span><\/h4>\n<h4><span style=\"color: #ffffff;\">Students of Kaunas Mikas Petrauskas School\u00a0of Performing Arts,\u00a0Dance Department<\/span><\/h4>\n<h4><span style=\"color: #ffffff;\">Giunter Percussion<\/span><br \/>\n<span style=\"color: #ffffff;\">(director: Pavel Giunter)<\/span><\/h4>\n<h4><span style=\"color: #ffffff;\">Kaunas String Quartet<\/span><br \/>\n<span style=\"color: #ffffff;\">(artistic director: Saulius Bartulis)<\/span><br \/>\n<span style=\"color: #ffffff;\">Karolina Beinaryt\u0117-Palekauskien\u0117 (first violin),\u00a0Aist\u0117 Mikutyt\u0117 (second violin),\u00a0Egl\u0117 Lapinsk\u0117 (viola),\u00a0Saulius Bartulis (violoncello) <\/span><\/h4>\n<h4><span style=\"color: #ffffff;\">Joana Daunyt\u0117 (harpist)<\/span><\/h4>\n<p>[\/vc_column_text][\/vc_column][\/vc_row][vc_row row_height_percent=&#8221;0&#8243; overlay_alpha=&#8221;50&#8243; gutter_size=&#8221;3&#8243; column_width_percent=&#8221;100&#8243; shift_y=&#8221;0&#8243; z_index=&#8221;0&#8243; uncode_shortcode_id=&#8221;121520&#8243; back_color_type=&#8221;uncode-solid&#8221; back_color_solid=&#8221;#000000&#8243;][vc_column width=&#8221;1\/1&#8243;][vc_empty_space empty_h=&#8221;2&#8243;][\/vc_column][\/vc_row]<\/p>\n","protected":false},"excerpt":{"rendered":"<p>[vc_row row_height_percent=&#8221;0&#8243; overlay_alpha=&#8221;50&#8243; gutter_size=&#8221;3&#8243; column_width_percent=&#8221;100&#8243; shift_y=&#8221;0&#8243; z_index=&#8221;0&#8243; uncode_shortcode_id=&#8221;121520&#8243; back_color_type=&#8221;uncode-solid&#8221; back_color_solid=&#8221;#000000&#8243;][vc_column width=&#8221;1\/1&#8243;][vc_empty_space empty_h=&#8221;2&#8243;][\/vc_column][\/vc_row][vc_row row_height_percent=&#8221;0&#8243; override_padding=&#8221;yes&#8221; h_padding=&#8221;2&#8243; top_padding=&#8221;0&#8243; bottom_padding=&#8221;2&#8243; overlay_alpha=&#8221;50&#8243; gutter_size=&#8221;3&#8243; column_width_percent=&#8221;100&#8243; [&hellip;]<\/p>\n","protected":false},"author":19,"featured_media":114572,"parent":0,"menu_order":0,"comment_status":"closed","ping_status":"closed","template":"","meta":{"footnotes":""},"class_list":["post-116880","page","type-page","status-publish","has-post-thumbnail","hentry"],"_links":{"self":[{"href":"https:\/\/kaunas2022.eu\/en\/wp-json\/wp\/v2\/pages\/116880","targetHints":{"allow":["GET"]}}],"collection":[{"href":"https:\/\/kaunas2022.eu\/en\/wp-json\/wp\/v2\/pages"}],"about":[{"href":"https:\/\/kaunas2022.eu\/en\/wp-json\/wp\/v2\/types\/page"}],"author":[{"embeddable":true,"href":"https:\/\/kaunas2022.eu\/en\/wp-json\/wp\/v2\/users\/19"}],"replies":[{"embeddable":true,"href":"https:\/\/kaunas2022.eu\/en\/wp-json\/wp\/v2\/comments?post=116880"}],"version-history":[{"count":7,"href":"https:\/\/kaunas2022.eu\/en\/wp-json\/wp\/v2\/pages\/116880\/revisions"}],"predecessor-version":[{"id":118304,"href":"https:\/\/kaunas2022.eu\/en\/wp-json\/wp\/v2\/pages\/116880\/revisions\/118304"}],"wp:featuredmedia":[{"embeddable":true,"href":"https:\/\/kaunas2022.eu\/en\/wp-json\/wp\/v2\/media\/114572"}],"wp:attachment":[{"href":"https:\/\/kaunas2022.eu\/en\/wp-json\/wp\/v2\/media?parent=116880"}],"curies":[{"name":"wp","href":"https:\/\/api.w.org\/{rel}","templated":true}]}}