{"id":102518,"date":"2022-01-21T05:55:03","date_gmt":"2022-01-21T05:55:03","guid":{"rendered":"http:\/\/kaunas2022.eu\/?page_id=102518"},"modified":"2022-12-19T10:08:59","modified_gmt":"2022-12-19T10:08:59","slug":"programme","status":"publish","type":"page","link":"https:\/\/kaunas2022.eu\/en\/programme\/","title":{"rendered":"Programme EN"},"content":{"rendered":"<p>[vc_row row_height_percent=&#8221;0&#8243; override_padding=&#8221;yes&#8221; h_padding=&#8221;2&#8243; top_padding=&#8221;2&#8243; bottom_padding=&#8221;0&#8243; overlay_alpha=&#8221;50&#8243; gutter_size=&#8221;3&#8243; column_width_percent=&#8221;100&#8243; shift_y=&#8221;0&#8243; z_index=&#8221;0&#8243; css=&#8221;.vc_custom_1636819719421{padding-top: 50px !important;padding-bottom: 5px !important;}&#8221;][vc_column width=&#8221;1\/2&#8243;][vc_custom_heading heading_semantic=&#8221;h1&#8243; text_size=&#8221;bigtext&#8221; text_weight=&#8221;400&#8243;]Programme[\/vc_custom_heading][\/vc_column][vc_column column_width_percent=&#8221;100&#8243; gutter_size=&#8221;3&#8243; overlay_alpha=&#8221;50&#8243; shift_x=&#8221;0&#8243; shift_y=&#8221;0&#8243; shift_y_down=&#8221;0&#8243; z_index=&#8221;0&#8243; medium_width=&#8221;0&#8243; mobile_width=&#8221;0&#8243; width=&#8221;1\/2&#8243;][\/vc_column][\/vc_row][vc_row row_height_percent=&#8221;1&#8243; override_padding=&#8221;yes&#8221; h_padding=&#8221;0&#8243; top_padding=&#8221;2&#8243; bottom_padding=&#8221;2&#8243; overlay_alpha=&#8221;50&#8243; equal_height=&#8221;yes&#8221; gutter_size=&#8221;0&#8243; column_width_percent=&#8221;100&#8243; shift_y=&#8221;0&#8243; z_index=&#8221;0&#8243; row_name=&#8221;biggest-events&#8221; uncode_shortcode_id=&#8221;122304&#8243; el_class=&#8221;program-wrap&#8221;][vc_column column_width_percent=&#8221;100&#8243; gutter_size=&#8221;0&#8243; override_padding=&#8221;yes&#8221; column_padding=&#8221;0&#8243; overlay_alpha=&#8221;50&#8243; shift_x=&#8221;0&#8243; shift_y=&#8221;0&#8243; shift_y_down=&#8221;0&#8243; z_index=&#8221;0&#8243; medium_width=&#8221;0&#8243; mobile_width=&#8221;0&#8243; width=&#8221;1\/1&#8243;]<div class=\"cq-expandgrid cq-circular-nocircular cq-expandgrid-400 cq-expandgrid-avatar- cq-expandgrid-close-yes cq-expandgrid-in3 pirmasgridas \" data-itemheight=\"\" data-autoslide=\"no\" data-itemsize=\"400\" data-transparentitem=\"yes\" data-openfirst=\"yes\" data-labelfontsize=\"\" data-nocircular=\"nocircular\" data-subfontsize=\"\" data-scrollto=\"\" data-scrolloffset=\"0\"><div class=\"cq-expandgrid-item cq-expandgrid-initstate cq-transparent\" data-image=\"https:\/\/kaunas2022.eu\/wp-content\/uploads\/2022\/05\/foto-28-1-500x500.jpg\" data-bgstyle=\"cq-transparent\" data-backgroundcolor=\"\" data-backgroundhovercolor=\"\" data-avatartype=\"none\" data-avatar=\"\" data-contentcolor=\"\" data-iconcolor=\"\" data-iconsize=\"\" data-labelcolor=\"#ffffff\" data-subtitlecolor=\"#ffffff\" title=\"\"><div class=\"cq-expandgrid-face cq-expandgrid-toggle\" style=\"\"><div class=\"cq-expandgrid-facecontent\"><span class=\"cq-expandgrid-title\">01 19-23<\/span> <span class=\"cq-expandgrid-subtitle\">1st Act: The Confusion<\/span> <\/div><div class=\"cq-expandgrid-arrow\" style=\"\"><\/div><\/div><div class=\"cq-expandgrid-content\" style=\"\"><div class=\"cq-expandgrid-text\"><h3><img decoding=\"async\" class=\"alignleft wp-image-97947 size-full\" src=\"https:\/\/kaunas2022.eu\/wp-content\/uploads\/2021\/11\/foto-28.png\" alt=\"\" width=\"500\" height=\"500\" srcset=\"https:\/\/kaunas2022.eu\/wp-content\/uploads\/2021\/11\/foto-28.png 500w, https:\/\/kaunas2022.eu\/wp-content\/uploads\/2021\/11\/foto-28-150x150.png 150w, https:\/\/kaunas2022.eu\/wp-content\/uploads\/2021\/11\/foto-28-300x300.png 300w\" sizes=\"(max-width: 500px) 100vw, 500px\" \/>01 19 &#8211; 23<br \/>\nFirst Act. The Confusion<\/h3>\n<h5>At 19:30 (7:30pm) on 22 January, all are invited to an historic event: the Opening Ceremony of the Kaunas European Capital of Culture programme!\u00a0The ceremony will be held near the \u017dalgiris Arena. The show programme will be kept a secret until the last minute before the opening.<\/h5>\n<h6>All we can tell you right now is that the show is being created by hundreds of performers from Kaunas, Lithuania, and abroad. A synthesis of contemporary music, gigantic video projections, and slam poetry will tell the story of a city as a living, always renewing miracle. The show calls everyone to the city\u2019s creative uprising. Kaunas will invite everyone watching the live broadcast of the opening ceremony throughout the European Union and around the world, to harness culture to create a new, post-pandemic future.<\/h6>\n<h6>Opening Night will be the main, but not the only event. Introductory events will already begin on 19 January at the edges of the Kaunas District, each evening drawing ever closer to the centre of Kaunas, bringing together local communities, one after another, for the great Opening Night event.<\/h6>\n<h6>This entire opening cultural fuss will awaken the Mythical Beast of Kaunas. And from that moment on, the excitement will begin\u2026<\/h6>\n<h6>More about event <a href=\"https:\/\/kultura.kaunas.lt\/en\/events\/view\/siuolaikinio-kauno-mito-trilogijos-pirmasis-veiksmas-sukilimas-22-d\/6503?prev=all\">here<\/a><\/h6>\n<\/div><i class=\"fa fa-close cq-expandgrid-close\"><\/i><\/div><\/div><div class=\"cq-expandgrid-item cq-expandgrid-initstate cq-transparent\" data-image=\"https:\/\/kaunas2022.eu\/wp-content\/uploads\/2022\/01\/foto-26-500x500-1.png\" data-bgstyle=\"cq-transparent\" data-backgroundcolor=\"\" data-backgroundhovercolor=\"\" data-avatartype=\"none\" data-avatar=\"\" data-contentcolor=\"\" data-iconcolor=\"\" data-iconsize=\"\" data-labelcolor=\"#ffffff\" data-subtitlecolor=\"#ffffff\" title=\"\"><div class=\"cq-expandgrid-face cq-expandgrid-toggle\" style=\"\"><div class=\"cq-expandgrid-facecontent\"><span class=\"cq-expandgrid-title\">05 20-22<\/span> <span class=\"cq-expandgrid-subtitle\">2nd Act: The Confluence<\/span> <\/div><div class=\"cq-expandgrid-arrow\" style=\"\"><\/div><\/div><div class=\"cq-expandgrid-content\" style=\"\"><div class=\"cq-expandgrid-text\"><h3><img decoding=\"async\" class=\"alignleft wp-image-97946 size-full\" src=\"https:\/\/kaunas2022.eu\/wp-content\/uploads\/2021\/11\/foto-26.png\" alt=\"\" width=\"500\" height=\"500\" srcset=\"https:\/\/kaunas2022.eu\/wp-content\/uploads\/2021\/11\/foto-26.png 500w, https:\/\/kaunas2022.eu\/wp-content\/uploads\/2021\/11\/foto-26-150x150.png 150w, https:\/\/kaunas2022.eu\/wp-content\/uploads\/2021\/11\/foto-26-300x300.png 300w\" sizes=\"(max-width: 500px) 100vw, 500px\" \/>05 20-22<\/h3>\n<h3>Second Act: The Confluence<\/h3>\n<h5>The Confluence is the second main event in the Contemporary Myth of Kaunas Trilogy. We invite you to one of Lithuania\u2019s most impressive sites to encounter the contradictions that lie within all of us and celebrate unity together. Everyone will face the event with a water show on a scale never before seen in Lithuania, directed by British theatre director Chris Baldwin.<\/h5>\n<h6>The date of this event was chosen for a very specific reason. The city of Kaunas celebrates its birthday every year in late May, while at the same time the Kaunas District will hold one of its most memorable celebrations, the Between Earth and Sky international kite festival. This is why an entire weekend will be devoted to all of these events. The name \u201cConfluence\u201d symbolizes the community shared between the people of Kaunas and the surrounding Kaunas District and the region\u2019s ties with other European cities. It is our hope that this weekend\u2019s events will inspire us all to reconnect with the waters around Kaunas and fulfill the city\u2019s dream to reunite with its rivers!<\/h6>\n<h6>The entire weekend will feature shows by acrobats, contemporary circus performers, river excursions, and musical tours to river towns and settlements in Kaunas.\u00a0Public will be invited to the unveiling of Nemuno7, an environmental design project that is unique in the European context.\u00a0If the pandemic permits, we also hope to welcome guests from the other two European Capitals of Culture and also from Alytus, which carries the title of Lithuania\u2019s Capital of Culture in 2022.<\/h6>\n<h6>Finally, the weekend\u2019s events will also give everyone the chance to get a close glimpse of the Mythical Beast of Kaunas&#8230;<\/h6>\n<h6>When? 20\u201322 May 2022<br \/>\nWhere? Confluence of Nemunas and Neris &amp; various places by the rivers in Kaunas &amp; Kaunas District<\/h6>\n<\/div><i class=\"fa fa-close cq-expandgrid-close\"><\/i><\/div><\/div><div class=\"cq-expandgrid-item cq-expandgrid-initstate cq-transparent\" data-image=\"https:\/\/kaunas2022.eu\/wp-content\/uploads\/2022\/01\/jordon-conner-tIr-PWgSYB4-unsplash-500x778-1.jpg\" data-bgstyle=\"cq-transparent\" data-backgroundcolor=\"\" data-backgroundhovercolor=\"\" data-avatartype=\"none\" data-avatar=\"\" data-contentcolor=\"\" data-iconcolor=\"\" data-iconsize=\"\" data-labelcolor=\"#ffffff\" data-subtitlecolor=\"#ffffff\" title=\"\"><div class=\"cq-expandgrid-face cq-expandgrid-toggle\" style=\"\"><div class=\"cq-expandgrid-facecontent\"><span class=\"cq-expandgrid-title\">11 24\u201327<\/span> <span class=\"cq-expandgrid-subtitle\">3rd Act: The Contract<\/span> <\/div><div class=\"cq-expandgrid-arrow\" style=\"\"><\/div><\/div><div class=\"cq-expandgrid-content\" style=\"\"><div class=\"cq-expandgrid-text\"><h3><img decoding=\"async\" class=\"alignleft wp-image-97945 size-full\" src=\"https:\/\/kaunas2022.eu\/wp-content\/uploads\/2021\/11\/foto-25.png\" alt=\"\" width=\"500\" height=\"500\" srcset=\"https:\/\/kaunas2022.eu\/wp-content\/uploads\/2021\/11\/foto-25.png 500w, https:\/\/kaunas2022.eu\/wp-content\/uploads\/2021\/11\/foto-25-150x150.png 150w, https:\/\/kaunas2022.eu\/wp-content\/uploads\/2021\/11\/foto-25-300x300.png 300w\" sizes=\"(max-width: 500px) 100vw, 500px\" \/>11 24-27<\/h3>\n<h3>Third Act: The Contract<\/h3>\n<h5>The official Closing Ceremonies of the Kaunas European Capital of Culture 2022 programme will be dedicated to signing contract with ourselves and with our city \u2013 a pledge to live long and happy lives from this moment forward!<\/h5>\n<h5>The creators of the Great Contract event are Lithuanian artists, including composer and Lithuanian National Prize laureate Zita Bru\u017eait\u0117, director Gediminas \u0160eduikis, dramatist and Gold Stage Cross winner Daiva \u010cepauskait\u0117, hundreds of Lithuania\u2019s best performers in the production of a contemporary opera composed especially for the occasion.<\/h5>\n<h6>For the entire weekend of the Closing Ceremonies, various public spaces around Kaunas will be adorned with contemporary light installations brought to Kaunas from sister European cities and other European Capitals of Culture. On Friday evening, we will bid farewell to our year as Capital of Culture with a magnificent audio-visual show staged at the Raudondvaris Estate, accompanied by an exhibition commemorating the year 2022.<\/h6>\n<h6>Although these events will officially bring to an end Kaunas\u2019 tenure as a European Capital of Culture, the city will have already become a city of contemporary culture.<\/h6>\n<h6>The Beast of Kaunas will remain in the city and watch over the Contract concluded by all who live here&#8230;<\/h6>\n<h6>More about event <a href=\"https:\/\/kaunas2022.eu\/en\/contract\/\">here<\/a><\/h6>\n<\/div><i class=\"fa fa-close cq-expandgrid-close\"><\/i><\/div><\/div><\/div>[\/vc_column][\/vc_row][vc_row row_height_percent=&#8221;0&#8243; override_padding=&#8221;yes&#8221; h_padding=&#8221;2&#8243; top_padding=&#8221;0&#8243; bottom_padding=&#8221;2&#8243; overlay_alpha=&#8221;50&#8243; gutter_size=&#8221;3&#8243; column_width_percent=&#8221;100&#8243; shift_y=&#8221;0&#8243; z_index=&#8221;0&#8243;][vc_column width=&#8221;1\/1&#8243;][vc_custom_heading heading_semantic=&#8221;h1&#8243; text_size=&#8221;h1&#8243; text_weight=&#8221;400&#8243;]<\/p>\n<h1 style=\"font-size: 68px;\">Programme book<\/h1>\n<p>[\/vc_custom_heading][vc_raw_html]JTNDaWZyYW1lJTIwd2lkdGglM0QlMjI2MjBweCUyMiUyMGhlaWdodCUzRCUyMjU2MHB4JTIyJTIwc3JjJTNEJTIyaHR0cHMlM0ElMkYlMkZ3d3cueXVtcHUuY29tJTJGZW4lMkZlbWJlZCUyRnZpZXclMkZCOEVnY0E5dk9DcWVGSGs3JTIyJTIwZnJhbWVib3JkZXIlM0QlMjIwJTIyJTIwYWxsb3dmdWxsc2NyZWVuJTNEJTIydHJ1ZSUyMiUyMCUyMGFsbG93dHJhbnNwYXJlbmN5JTNEJTIydHJ1ZSUyMiUzRSUzQyUyRmlmcmFtZSUzRSUzQ2JyJTNFJTNDYSUyMGhyZWYlM0QlMjJodHRwcyUzQSUyRiUyRnd3dy55dW1wdS5jb20lMkZlbiUyRmRvY3VtZW50JTJGdmlldyUyRjY2MDg5NjY1JTJGcHJvZ3JhbW1lLWd1aWRlLWVuLWthdW5hcy0yMDIyJTIyJTIwdGl0bGUlM0QlMjJQcm9ncmFtbWUlMjBndWlkZSUyMEVOJTIwJTdDJTIwS2F1bmFzJTIwMjAyMiUyMiUyMHRhcmdldCUzRCUyMl9ibGFuayUyMiUzRVByb2dyYW1tZSUyMGd1aWRlJTIwJTdDJTIwS2F1bmFzJTIwMjAyMiUzQyUyRmElM0U=[\/vc_raw_html][vc_column_text uncode_shortcode_id=&#8221;121749&#8243;]<\/p>\n<h4 style=\"font-size: 30px; font-weight: 400; text-align: right;\"><a href=\"http:\/\/kaunas2022.eu\/wp-content\/uploads\/2022\/04\/Programos-knyga-EN-V2-2-spreads.pdf\"><span style=\"text-decoration: underline;\">Download PDF<\/span><\/a><\/h4>\n<p>[\/vc_column_text][\/vc_column][\/vc_row][vc_row unlock_row_content=&#8221;yes&#8221; row_height_percent=&#8221;0&#8243; override_padding=&#8221;yes&#8221; h_padding=&#8221;0&#8243; top_padding=&#8221;0&#8243; bottom_padding=&#8221;0&#8243; overlay_alpha=&#8221;50&#8243; gutter_size=&#8221;0&#8243; column_width_percent=&#8221;100&#8243; shift_y=&#8221;0&#8243; z_index=&#8221;0&#8243; uncode_shortcode_id=&#8221;598353&#8243;][vc_column width=&#8221;1\/1&#8243;][vc_single_image media=&#8221;102332&#8243; media_width_percent=&#8221;100&#8243; uncode_shortcode_id=&#8221;129979&#8243;][\/vc_column][\/vc_row][vc_row][vc_column width=&#8221;1\/1&#8243;][\/vc_column][\/vc_row]<\/p>\n","protected":false},"excerpt":{"rendered":"<p>[vc_row row_height_percent=&#8221;0&#8243; override_padding=&#8221;yes&#8221; h_padding=&#8221;2&#8243; top_padding=&#8221;2&#8243; bottom_padding=&#8221;0&#8243; overlay_alpha=&#8221;50&#8243; gutter_size=&#8221;3&#8243; column_width_percent=&#8221;100&#8243; shift_y=&#8221;0&#8243; z_index=&#8221;0&#8243; css=&#8221;.vc_custom_1636819719421{padding-top: 50px !important;padding-bottom: 5px !important;}&#8221;][vc_column width=&#8221;1\/2&#8243;][vc_custom_heading heading_semantic=&#8221;h1&#8243; text_size=&#8221;bigtext&#8221; text_weight=&#8221;400&#8243;]Programme[\/vc_custom_heading][\/vc_column][vc_column [&hellip;]<\/p>\n","protected":false},"author":1,"featured_media":0,"parent":0,"menu_order":0,"comment_status":"closed","ping_status":"closed","template":"","meta":{"footnotes":""},"class_list":["post-102518","page","type-page","status-publish","hentry"],"_links":{"self":[{"href":"https:\/\/kaunas2022.eu\/en\/wp-json\/wp\/v2\/pages\/102518","targetHints":{"allow":["GET"]}}],"collection":[{"href":"https:\/\/kaunas2022.eu\/en\/wp-json\/wp\/v2\/pages"}],"about":[{"href":"https:\/\/kaunas2022.eu\/en\/wp-json\/wp\/v2\/types\/page"}],"author":[{"embeddable":true,"href":"https:\/\/kaunas2022.eu\/en\/wp-json\/wp\/v2\/users\/1"}],"replies":[{"embeddable":true,"href":"https:\/\/kaunas2022.eu\/en\/wp-json\/wp\/v2\/comments?post=102518"}],"version-history":[{"count":65,"href":"https:\/\/kaunas2022.eu\/en\/wp-json\/wp\/v2\/pages\/102518\/revisions"}],"predecessor-version":[{"id":123853,"href":"https:\/\/kaunas2022.eu\/en\/wp-json\/wp\/v2\/pages\/102518\/revisions\/123853"}],"wp:attachment":[{"href":"https:\/\/kaunas2022.eu\/en\/wp-json\/wp\/v2\/media?parent=102518"}],"curies":[{"name":"wp","href":"https:\/\/api.w.org\/{rel}","templated":true}]}}