{"id":102125,"date":"2022-01-19T17:32:51","date_gmt":"2022-01-19T17:32:51","guid":{"rendered":"http:\/\/kaunas2022.eu\/?page_id=102125"},"modified":"2023-10-28T22:58:25","modified_gmt":"2023-10-28T22:58:25","slug":"contacts","status":"publish","type":"page","link":"https:\/\/kaunas2022.eu\/en\/contacts\/","title":{"rendered":"Contacts"},"content":{"rendered":"<p>[vc_row][vc_column width=&#8221;1\/1&#8243;][vc_empty_space empty_h=&#8221;2&#8243;][\/vc_column][\/vc_row][vc_row][vc_column width=&#8221;1\/1&#8243;][vc_column_text uncode_shortcode_id=&#8221;956541&#8243;]<span style=\"font-family: -apple-system, BlinkMacSystemFont, 'Segoe UI', Roboto, Oxygen-Sans, Ubuntu, Cantarell, 'Helvetica Neue', sans-serif;\">On 31 March 2023 The General Meeting of Shareholders of Kaunas 2022 has decided to liquidate Kaunas 2022, legal entity code 304497759, registered office address Laisv\u0117s al. 36, Kaunas, starting from 1 October 2023. The appointed liquidator of the institution is \u017divil\u0117 Stankevi\u010dien\u0117, tel. +370 64007836, e-mail: <\/span><a href=\"mailto:zivile@kaunas2022.eu\"><span style=\"font-family: -apple-system, BlinkMacSystemFont, 'Segoe UI', Roboto, Oxygen-Sans, Ubuntu, Cantarell, 'Helvetica Neue', sans-serif;\">zivile@kaunas2022.eu<\/span><\/a><\/p>\n<p><span style=\"font-family: -apple-system, BlinkMacSystemFont, 'Segoe UI', Roboto, Oxygen-Sans, Ubuntu, Cantarell, 'Helvetica Neue', sans-serif;\">The data on the institution shall be stored and compiled in the State Enterprise Centre of Registers.<\/span><\/p>\n<div class=\"x1h91t0o xkh2ocl x78zum5 xdt5ytf x13a6bvl x193iq5w x1iyjqo2 xcrg951\" role=\"none\"><\/div>\n<p>[\/vc_column_text][\/vc_column][\/vc_row][vc_row][vc_column width=&#8221;1\/1&#8243;][vc_empty_space empty_h=&#8221;2&#8243;][\/vc_column][\/vc_row]<\/p>\n","protected":false},"excerpt":{"rendered":"<p>[vc_row][vc_column width=&#8221;1\/1&#8243;][vc_empty_space empty_h=&#8221;2&#8243;][\/vc_column][\/vc_row][vc_row][vc_column width=&#8221;1\/1&#8243;][vc_column_text uncode_shortcode_id=&#8221;956541&#8243;]On 31 March 2023 The General Meeting of Shareholders of Kaunas 2022 has decided to liquidate [&hellip;]<\/p>\n","protected":false},"author":1,"featured_media":0,"parent":0,"menu_order":0,"comment_status":"closed","ping_status":"closed","template":"","meta":{"footnotes":""},"class_list":["post-102125","page","type-page","status-publish","hentry"],"_links":{"self":[{"href":"https:\/\/kaunas2022.eu\/en\/wp-json\/wp\/v2\/pages\/102125","targetHints":{"allow":["GET"]}}],"collection":[{"href":"https:\/\/kaunas2022.eu\/en\/wp-json\/wp\/v2\/pages"}],"about":[{"href":"https:\/\/kaunas2022.eu\/en\/wp-json\/wp\/v2\/types\/page"}],"author":[{"embeddable":true,"href":"https:\/\/kaunas2022.eu\/en\/wp-json\/wp\/v2\/users\/1"}],"replies":[{"embeddable":true,"href":"https:\/\/kaunas2022.eu\/en\/wp-json\/wp\/v2\/comments?post=102125"}],"version-history":[{"count":7,"href":"https:\/\/kaunas2022.eu\/en\/wp-json\/wp\/v2\/pages\/102125\/revisions"}],"predecessor-version":[{"id":127982,"href":"https:\/\/kaunas2022.eu\/en\/wp-json\/wp\/v2\/pages\/102125\/revisions\/127982"}],"wp:attachment":[{"href":"https:\/\/kaunas2022.eu\/en\/wp-json\/wp\/v2\/media?parent=102125"}],"curies":[{"name":"wp","href":"https:\/\/api.w.org\/{rel}","templated":true}]}}