{"id":102108,"date":"2022-01-19T16:55:22","date_gmt":"2022-01-19T16:55:22","guid":{"rendered":"http:\/\/kaunas2022.eu\/?page_id=102108"},"modified":"2022-02-08T16:39:11","modified_gmt":"2022-02-08T16:39:11","slug":"the-mythical-beast","status":"publish","type":"page","link":"https:\/\/kaunas2022.eu\/en\/the-mythical-beast\/","title":{"rendered":"The Mythical Beast"},"content":{"rendered":"<p>[vc_row][vc_column column_width_percent=&#8221;100&#8243; gutter_size=&#8221;3&#8243; overlay_alpha=&#8221;50&#8243; shift_x=&#8221;0&#8243; shift_y=&#8221;0&#8243; shift_y_down=&#8221;0&#8243; z_index=&#8221;0&#8243; medium_width=&#8221;0&#8243; mobile_width=&#8221;0&#8243; sticky=&#8221;yes&#8221; width=&#8221;1\/6&#8243; el_class=&#8221;sticky-h&#8221;][vc_empty_space empty_h=&#8221;3&#8243;][vc_custom_heading text_font=&#8221;font-555555&#8243; css_animation=&#8221;alpha-anim&#8221; medium_visibility=&#8221;yes&#8221; mobile_visibility=&#8221;yes&#8221; el_class=&#8221;sticky-heading&#8221;]<\/p>\n<h1 class=\"sticky-vertical-text\">The Mythical Beast<\/h1>\n<p>[\/vc_custom_heading][vc_empty_space empty_h=&#8221;3&#8243;][\/vc_column][vc_column width=&#8221;5\/6&#8243;][vc_empty_space empty_h=&#8221;2&#8243;][vc_row_inner][vc_column_inner width=&#8221;1\/1&#8243;][vc_column_text]<\/p>\n<blockquote><p>\u201cThe Mythical Beast of Kaunas\u201d is a story-telling project of Kaunas.<\/p><\/blockquote>\n<p>[\/vc_column_text][\/vc_column_inner][\/vc_row_inner][vc_empty_space empty_h=&#8221;2&#8243;][vc_row_inner][vc_column_inner width=&#8221;1\/2&#8243;][vc_column_text]<\/p>\n<h4>Throughout the centuries, various things happened in Kaunas:<\/h4>\n<p>Vytautas the Great fought the Teutonic order, and later sailed Nemunas to baptise the Samogitians. Hanza merchants sold salt, iron and maybe something stronger. Napoleon and his marauding army ran around Kaunas, and later Russian generals ordered to build here a very interesting\u00a0by redundant fortress. Then better times arrived, and Kaunas became the temporary capital. A lot of good things happened here: Lithuanian modernism, Esperanto and Lithuanian cinema.<\/p>\n<p>Everything happened in Kaunas, but all these things disappeared or moved elsewhere.[\/vc_column_text][\/vc_column_inner][vc_column_inner width=&#8221;1\/2&#8243;][vc_column_text]<\/p>\n<h4>What remained in Kaunas all this time\u00a0then?<\/h4>\n<p>There were always Kaunasians! The Mythical Beast of Kaunas and its story is precisely a story about those Kaunasians. The Beast has been and will be the last Kaunasian. What is it like? What\u2019s its story? How and what can be told about Kaunas?<\/p>\n<p>All these things are created by the Mythical Beast platform of the European Capital of Culture.[\/vc_column_text][\/vc_column_inner][\/vc_row_inner][vc_empty_space empty_h=&#8221;2&#8243;][vc_row_inner row_inner_height_percent=&#8221;0&#8243; overlay_alpha=&#8221;50&#8243; equal_height=&#8221;yes&#8221; gutter_size=&#8221;3&#8243; shift_y=&#8221;0&#8243; z_index=&#8221;0&#8243;][vc_column_inner column_width_percent=&#8221;100&#8243; position_vertical=&#8221;middle&#8221; gutter_size=&#8221;3&#8243; back_color=&#8221;color-xsdn&#8221; overlay_alpha=&#8221;50&#8243; border_color=&#8221;color-nhtu&#8221; border_style=&#8221;solid&#8221; shift_x=&#8221;0&#8243; shift_y=&#8221;0&#8243; shift_y_down=&#8221;0&#8243; z_index=&#8221;0&#8243; medium_width=&#8221;0&#8243; mobile_width=&#8221;0&#8243; width=&#8221;1\/2&#8243; css=&#8221;.vc_custom_1549472232816{border-top-width: 1px !important;border-right-width: 1px !important;border-bottom-width: 1px !important;border-left-width: 1px !important;}&#8221;][vc_gallery el_id=&#8221;gallery-209650&#8243; medias=&#8221;101859&#8243; gutter_size=&#8221;3&#8243; media_items=&#8221;media|nolink|poster&#8221; screen_lg=&#8221;1000&#8243; screen_md=&#8221;600&#8243; screen_sm=&#8221;480&#8243; single_overlay_opacity=&#8221;50&#8243; single_overlay_anim=&#8221;no&#8221; single_image_coloration=&#8221;desaturated&#8221; single_padding=&#8221;2&#8243; uncode_shortcode_id=&#8221;205579&#8243;][\/vc_column_inner][vc_column_inner width=&#8221;1\/2&#8243;][vc_column_text]<\/p>\n<h4>The platform works on several levels:<\/h4>\n<ul>\n<li>organises workshops of creative writing (want to participate?\u00a0Get information\u00a0about the workshop schedule for 2019\u00a0in our office);<\/li>\n<li>develops\u00a0the online portal\u00a0<a href=\"http:\/\/www.kaunolegenda.lt\/\">www.kaunolegenda.lt<\/a>\u00a0(visit it and find out how to become its author)<\/li>\n<li>publishes\u00a0a book for children about the European Capital of Culture programme \u201cThe Great Fairy-Tale Book of the Beast of Kaunas\u201d (coming soon to bookstores)<\/li>\n<li>\u00a0employing cutting-edge technologies, develops\u00a0an\u00a0augmented reality tourist route around Kaunas (follow news, as the route can become available very soon)<\/li>\n<li>creates\u00a0new and collects\u00a0all existing fairy-tales, legends and stories about Kaunas, Kaunasians, the Beast of Kaunas and other interesting things<\/li>\n<li>announces\u00a0the open calls\u00a0for the artists-professionals around the globe to visualise\u00a0the Beast of Kaunas (artists can find out how to participate here)<\/li>\n<\/ul>\n<p>The most important thing, stories we create together in this platform will be used to create the scenarios for the major events of the European Capital of Culture in 2022![\/vc_column_text][\/vc_column_inner][\/vc_row_inner][vc_separator sep_color=&#8221;,Default&#8221;][vc_row_inner][vc_column_inner column_width_percent=&#8221;80&#8243; position_horizontal=&#8221;left&#8221; gutter_size=&#8221;3&#8243; overlay_alpha=&#8221;50&#8243; shift_x=&#8221;0&#8243; shift_y=&#8221;0&#8243; shift_y_down=&#8221;0&#8243; z_index=&#8221;0&#8243; medium_width=&#8221;0&#8243; mobile_width=&#8221;0&#8243; width=&#8221;1\/2&#8243; el_class=&#8221;atminties-contacts&#8221;][vc_column_text]<\/p>\n<h5>Programme curator<\/h5>\n<p>Rytis Zemkauskas<\/p>\n<p><a href=\"mailto:rytis@kaunas2022.eu\"><i class=\"fa fa-envelope-o \" ><\/i> rytis@kaunas2022.eu<\/a>[\/vc_column_text][vc_column_text]<\/p>\n<h5>Programme coordinator<\/h5>\n<p>Renata Bartusevi\u010di\u016bt\u0117<\/p>\n<p><a href=\"mailto:renata@kaunas2022.eu\"><i class=\"fa fa-envelope-o \" ><\/i> renata@kaunas2022.eu<\/a>[\/vc_column_text][vc_column_text]<\/p>\n<h5>Official website<\/h5>\n<p><span style=\"text-decoration: underline;\"><a href=\"https:\/\/kaunolegenda.lt\/en\/\" target=\"_blank\" rel=\"noopener\">The Great Story of Kaunas<\/a><\/span>[\/vc_column_text][\/vc_column_inner][vc_column_inner width=&#8221;1\/2&#8243;][\/vc_column_inner][\/vc_row_inner][\/vc_column][\/vc_row]<\/p>\n","protected":false},"excerpt":{"rendered":"<p>[vc_row][vc_column column_width_percent=&#8221;100&#8243; gutter_size=&#8221;3&#8243; overlay_alpha=&#8221;50&#8243; shift_x=&#8221;0&#8243; shift_y=&#8221;0&#8243; shift_y_down=&#8221;0&#8243; z_index=&#8221;0&#8243; medium_width=&#8221;0&#8243; mobile_width=&#8221;0&#8243; sticky=&#8221;yes&#8221; width=&#8221;1\/6&#8243; el_class=&#8221;sticky-h&#8221;][vc_empty_space empty_h=&#8221;3&#8243;][vc_custom_heading text_font=&#8221;font-555555&#8243; css_animation=&#8221;alpha-anim&#8221; medium_visibility=&#8221;yes&#8221; mobile_visibility=&#8221;yes&#8221; el_class=&#8221;sticky-heading&#8221;] The [&hellip;]<\/p>\n","protected":false},"author":1,"featured_media":0,"parent":0,"menu_order":0,"comment_status":"closed","ping_status":"closed","template":"","meta":{"footnotes":""},"class_list":["post-102108","page","type-page","status-publish","hentry"],"_links":{"self":[{"href":"https:\/\/kaunas2022.eu\/en\/wp-json\/wp\/v2\/pages\/102108","targetHints":{"allow":["GET"]}}],"collection":[{"href":"https:\/\/kaunas2022.eu\/en\/wp-json\/wp\/v2\/pages"}],"about":[{"href":"https:\/\/kaunas2022.eu\/en\/wp-json\/wp\/v2\/types\/page"}],"author":[{"embeddable":true,"href":"https:\/\/kaunas2022.eu\/en\/wp-json\/wp\/v2\/users\/1"}],"replies":[{"embeddable":true,"href":"https:\/\/kaunas2022.eu\/en\/wp-json\/wp\/v2\/comments?post=102108"}],"version-history":[{"count":2,"href":"https:\/\/kaunas2022.eu\/en\/wp-json\/wp\/v2\/pages\/102108\/revisions"}],"predecessor-version":[{"id":102111,"href":"https:\/\/kaunas2022.eu\/en\/wp-json\/wp\/v2\/pages\/102108\/revisions\/102111"}],"wp:attachment":[{"href":"https:\/\/kaunas2022.eu\/en\/wp-json\/wp\/v2\/media?parent=102108"}],"curies":[{"name":"wp","href":"https:\/\/api.w.org\/{rel}","templated":true}]}}