{"id":102102,"date":"2022-01-19T16:44:17","date_gmt":"2022-01-19T16:44:17","guid":{"rendered":"http:\/\/kaunas2022.eu\/?page_id=102102"},"modified":"2023-10-19T08:52:00","modified_gmt":"2023-10-19T08:52:00","slug":"modernism-for-the-future-senas","status":"publish","type":"page","link":"https:\/\/kaunas2022.eu\/en\/modernism-for-the-future-senas\/","title":{"rendered":"Modernism for the future"},"content":{"rendered":"<p>[vc_row row_height_percent=&#8221;0&#8243; overlay_alpha=&#8221;50&#8243; equal_height=&#8221;yes&#8221; gutter_size=&#8221;3&#8243; column_width_percent=&#8221;100&#8243; shift_y=&#8221;0&#8243; z_index=&#8221;0&#8243;][vc_column column_width_percent=&#8221;100&#8243; position_horizontal=&#8221;left&#8221; gutter_size=&#8221;3&#8243; expand_height=&#8221;yes&#8221; overlay_alpha=&#8221;50&#8243; shift_x=&#8221;0&#8243; shift_y=&#8221;0&#8243; shift_y_down=&#8221;0&#8243; z_index=&#8221;0&#8243; medium_width=&#8221;0&#8243; mobile_width=&#8221;0&#8243; sticky=&#8221;yes&#8221; width=&#8221;1\/6&#8243; el_class=&#8221;sticky-h&#8221;][vc_empty_space empty_h=&#8221;3&#8243;][vc_custom_heading text_font=&#8221;font-555555&#8243; css_animation=&#8221;alpha-anim&#8221; medium_visibility=&#8221;yes&#8221; mobile_visibility=&#8221;yes&#8221; el_class=&#8221;sticky-heading&#8221;]<\/p>\n<h1 class=\"sticky-vertical-text\">Modernism for the future<\/h1>\n<p>[\/vc_custom_heading][vc_empty_space empty_h=&#8221;5&#8243;][\/vc_column][vc_column column_width_percent=&#8221;96&#8243; gutter_size=&#8221;3&#8243; overlay_alpha=&#8221;50&#8243; shift_x=&#8221;0&#8243; shift_y=&#8221;0&#8243; shift_y_down=&#8221;0&#8243; z_index=&#8221;0&#8243; medium_width=&#8221;0&#8243; mobile_width=&#8221;0&#8243; width=&#8221;5\/6&#8243;][vc_empty_space empty_h=&#8221;2&#8243;][vc_row_inner row_inner_height_percent=&#8221;25&#8243; overlay_alpha=&#8221;50&#8243; equal_height=&#8221;yes&#8221; gutter_size=&#8221;3&#8243; shift_y=&#8221;0&#8243; z_index=&#8221;0&#8243;][vc_column_inner column_width_percent=&#8221;100&#8243; position_vertical=&#8221;middle&#8221; gutter_size=&#8221;3&#8243; overlay_alpha=&#8221;50&#8243; shift_x=&#8221;0&#8243; shift_y=&#8221;0&#8243; shift_y_down=&#8221;0&#8243; z_index=&#8221;0&#8243; medium_width=&#8221;0&#8243; mobile_width=&#8221;0&#8243; width=&#8221;1\/2&#8243;][vc_column_text]<\/p>\n<h4>Greetings, fellow modernist!<\/h4>\n<p>Around 6000 buildings: this is the number of modernist objects in Kaunas city and its district surviving to this day. From luxurious concrete villas, temples and public buildings, schools and cultural institutions, to small wooden houses. These buildings are not only places worth visiting, in which we currently live, work, dine, send and receive parcels, study, learn, receive treatment and create our own everyday life. Each and every one of them is interesting\u00a0in their unique stories, discoveries, ability to be open for creative and community-based initiatives. Each of them is an opportunity. That remains unused most of the time.[\/vc_column_text][\/vc_column_inner][vc_column_inner column_width_percent=&#8221;100&#8243; position_vertical=&#8221;middle&#8221; gutter_size=&#8221;3&#8243; back_color=&#8221;color-xsdn&#8221; overlay_alpha=&#8221;50&#8243; border_color=&#8221;color-nhtu&#8221; border_style=&#8221;solid&#8221; shift_x=&#8221;0&#8243; shift_y=&#8221;0&#8243; shift_y_down=&#8221;0&#8243; z_index=&#8221;0&#8243; medium_width=&#8221;0&#8243; mobile_width=&#8221;0&#8243; width=&#8221;1\/2&#8243; css=&#8221;.vc_custom_1544103051828{border-width: 1px !important;}&#8221;][vc_gallery el_id=&#8221;gallery-135037&#8243; medias=&#8221;101867&#8243; gutter_size=&#8221;3&#8243; media_items=&#8221;media|lightbox|original&#8221; screen_lg=&#8221;1000&#8243; screen_md=&#8221;600&#8243; screen_sm=&#8221;480&#8243; single_overlay_opacity=&#8221;1&#8243; single_image_coloration=&#8221;desaturated&#8221; single_padding=&#8221;2&#8243; uncode_shortcode_id=&#8221;121725&#8243;][\/vc_column_inner][\/vc_row_inner][vc_empty_space empty_h=&#8221;2&#8243;][vc_custom_heading]<\/p>\n<h4>What\u00a0we do and how we work?<\/h4>\n<p>[\/vc_custom_heading][vc_accordion active_tab=&#8221;0&#8243;][vc_accordion_tab title=&#8221;Kaunas Modernism 360\/365&#8243; tab_id=&#8221;1541516980-1-56&#8243;][vc_column_text]The aim of this project for\u00a0the interwar period, as well as its physical heritage\u00a0and modernist architecture, to become the source of memory, identity, dialogue and creativity. Because every one of us can create the value of heritage!<\/p>\n<ul>\n<li>Since 2018, we opened the social network of modernist heritage www.modernizmasateiciai.lt. In this database of knowledge and emotional experiences, we strive to unite an active and civic community of modernism fans and those who cherish it.<\/li>\n<li>During creative workshops, excursions, meetings and other practical activities, we listen to and share the good practices, and together we strive to be socially\u00a0responsible and learn to speak about the heritage.<\/li>\n<li>Modernist heritage is an inspiration for contemporary art. We invite all artists to become the interpreters of modernism, and to take a creative and contemporary approach to the modernist heritage and its history.<\/li>\n<\/ul>\n<p>[\/vc_column_text][\/vc_accordion_tab][vc_accordion_tab title=&#8221;International Centre of Modernism Research and Interpretations&#8221; tab_id=&#8221;1541516980-2-14&#8243;][vc_column_text]With this project we aim to incite responsibility for the environment that surrounds us, initiate international research and bring the modernism of Kaunas into the European and global context.<\/p>\n<ul>\n<li>\u00a0We welcomed 2018, the year of European cultural heritage,\u00a0together with an international conference &#8220;Modernism for the Future&#8221; dedicated to the exploration of European modernism of the 1920\u20131930s, its diversity, connections, similarities and individual features. In other conferences, we will pay attention to the bond between the communities and the heritage and introduce scenarios of the future to the international audience.<\/li>\n<li>In 2019, the second annual international modernism summer school will take place. It is an experimental lab of heritage that tries to answer the question how to create contemporary spaces, ensuring the new quality of life and saving the historical heritage of modernism in cases of Kaunas and Kaunas district.<\/li>\n<li>\u00a0International forums organised since 2019,\u00a0will be dedicated\u00a0for the creation of networks of modernist cities. Together with the experts from Asmara, Berlin, Brazil, Gdynia, Le Havre, Rabat, Chandigarh, Tel Aviv and other places important for the modernism around the world, it will be decided how the historical heritage of modernism should be employed creating a sustainable and vivacious city.<\/li>\n<\/ul>\n<p>[\/vc_column_text][\/vc_accordion_tab][vc_accordion_tab title=&#8221;Publications and Exhibitions&#8221; tab_id=&#8221;1541517131000-2-7&#8243;][vc_column_text]<\/p>\n<ul>\n<li>In 2018, a joint project was organised together with the Ministry of Culture of the Republic of Lithuania and Secretariat of the Lithuanian National Commission of UNESCO, an exhibition, \u201cArchitecture of Optimism: The Kaunas Phenomenon 1918\u20131940\u201d, that travelled around 5 Lithuanian cities and thanks to the cooperation with Kaunas 2022, will continue its journey and will be presented in art and science spaces of other countries. The exhibition will be accompanied by lectures, discussions, creative workshops and introduction of the catalogue (in English).<\/li>\n<li>Editing and publications of conferences, summer schools and other events.<\/li>\n<\/ul>\n<p>[\/vc_column_text][\/vc_accordion_tab][vc_accordion_tab title=&#8221;Film on Modernism&#8221; tab_id=&#8221;1548082824545-3-2&#8243;][vc_column_text]One of the projects of Kaunas 2022 is the\u00a0creation of a documentary \/ art film, the aim of which is to discuss different variations of tourism on the global level. There are hundreds of places around the world, where modernism has had an important role shaping the local identity, like Lviv, Harbin, or Asmara. Despite political or cultural differences, all of them have been united by the same global idea, and today it is our heritage.[\/vc_column_text][\/vc_accordion_tab][vc_accordion_tab title=&#8221;City Crown: Modernism-inspired festival of lights&#8221; tab_id=&#8221;1548082842819-4-10&#8243;][vc_column_text]It is the major opening event of 2022. It will connect the modernism heritage, its ideas and urban spaces\u00a0of the city. The symbol of modernist Kaunas, Resurrection Church, is one of the most inspiring examples of the idea of Die Stadkrone (The City Crown) by a German expressionist Bruno Taut. When constructing this church, it was decided to illuminate it with powerful lights. This idea was never implemented. During the interwar period, the construction of the church started and was not completed, and during the Soviet times, it was turned into a radio factory. During the Festival of Lights, by employing various conceptual solutions, this and other city buildings will light up in new colours.[\/vc_column_text][\/vc_accordion_tab][\/vc_accordion][vc_row_inner row_inner_height_percent=&#8221;14&#8243; overlay_alpha=&#8221;50&#8243; gutter_size=&#8221;3&#8243; shift_y=&#8221;0&#8243; z_index=&#8221;0&#8243;][vc_column_inner column_width_percent=&#8221;80&#8243; position_horizontal=&#8221;left&#8221; position_vertical=&#8221;middle&#8221; gutter_size=&#8221;3&#8243; overlay_alpha=&#8221;50&#8243; shift_x=&#8221;0&#8243; shift_y=&#8221;0&#8243; shift_y_down=&#8221;0&#8243; z_index=&#8221;0&#8243; medium_width=&#8221;0&#8243; mobile_width=&#8221;0&#8243; width=&#8221;1\/2&#8243; el_class=&#8221;atminties-contacts&#8221;][vc_column_text]<\/p>\n<h5>Programme curator<\/h5>\n<p>Vilt\u0117 Migonyt\u0117-Petrulien\u0117<\/p>\n<p><i class=\"far fa-envelope\"><\/i> <a href=\"mailto:vilte@kaunas2022.eu\"><span style=\"font-weight: 400;\">vilte@kaunas2022.eu<\/span><\/a>[\/vc_column_text][vc_column_text]<\/p>\n<h5>Programme coordinator<\/h5>\n<p>\u017dilvinas Rink\u0161elis<\/p>\n<p><a href=\"mailto:zilvinas@kaunas2022.eu\"><i class=\"far fa-envelope\"><\/i> <span style=\"font-weight: 400;\">zilvinas@kaunas2022.eu<\/span><\/a>[\/vc_column_text][vc_column_text]<\/p>\n<h5>Official website<\/h5>\n<p><span style=\"text-decoration: underline;\"><a href=\"https:\/\/modernizmasateiciai.lt\/en\/\" target=\"_blank\" rel=\"noopener\">Modernism for the Future<\/a><\/span>[\/vc_column_text][\/vc_column_inner][vc_column_inner column_width_percent=&#8221;100&#8243; position_vertical=&#8221;middle&#8221; gutter_size=&#8221;3&#8243; overlay_alpha=&#8221;50&#8243; shift_x=&#8221;0&#8243; shift_y=&#8221;0&#8243; shift_y_down=&#8221;0&#8243; z_index=&#8221;0&#8243; medium_width=&#8221;0&#8243; mobile_width=&#8221;0&#8243; width=&#8221;1\/2&#8243;][\/vc_column_inner][\/vc_row_inner][\/vc_column][\/vc_row]<\/p>\n","protected":false},"excerpt":{"rendered":"<p>[vc_row row_height_percent=&#8221;0&#8243; overlay_alpha=&#8221;50&#8243; equal_height=&#8221;yes&#8221; gutter_size=&#8221;3&#8243; column_width_percent=&#8221;100&#8243; shift_y=&#8221;0&#8243; z_index=&#8221;0&#8243;][vc_column column_width_percent=&#8221;100&#8243; position_horizontal=&#8221;left&#8221; gutter_size=&#8221;3&#8243; expand_height=&#8221;yes&#8221; overlay_alpha=&#8221;50&#8243; shift_x=&#8221;0&#8243; shift_y=&#8221;0&#8243; shift_y_down=&#8221;0&#8243; z_index=&#8221;0&#8243; medium_width=&#8221;0&#8243; mobile_width=&#8221;0&#8243; sticky=&#8221;yes&#8221; [&hellip;]<\/p>\n","protected":false},"author":1,"featured_media":0,"parent":0,"menu_order":0,"comment_status":"closed","ping_status":"closed","template":"","meta":{"footnotes":""},"class_list":["post-102102","page","type-page","status-publish","hentry"],"_links":{"self":[{"href":"https:\/\/kaunas2022.eu\/en\/wp-json\/wp\/v2\/pages\/102102","targetHints":{"allow":["GET"]}}],"collection":[{"href":"https:\/\/kaunas2022.eu\/en\/wp-json\/wp\/v2\/pages"}],"about":[{"href":"https:\/\/kaunas2022.eu\/en\/wp-json\/wp\/v2\/types\/page"}],"author":[{"embeddable":true,"href":"https:\/\/kaunas2022.eu\/en\/wp-json\/wp\/v2\/users\/1"}],"replies":[{"embeddable":true,"href":"https:\/\/kaunas2022.eu\/en\/wp-json\/wp\/v2\/comments?post=102102"}],"version-history":[{"count":1,"href":"https:\/\/kaunas2022.eu\/en\/wp-json\/wp\/v2\/pages\/102102\/revisions"}],"predecessor-version":[{"id":102103,"href":"https:\/\/kaunas2022.eu\/en\/wp-json\/wp\/v2\/pages\/102102\/revisions\/102103"}],"wp:attachment":[{"href":"https:\/\/kaunas2022.eu\/en\/wp-json\/wp\/v2\/media?parent=102102"}],"curies":[{"name":"wp","href":"https:\/\/api.w.org\/{rel}","templated":true}]}}