{"id":102090,"date":"2022-01-19T16:21:30","date_gmt":"2022-01-19T16:21:30","guid":{"rendered":"http:\/\/kaunas2022.eu\/?page_id=102090"},"modified":"2022-01-19T16:30:26","modified_gmt":"2022-01-19T16:30:26","slug":"kaunas-challenge","status":"publish","type":"page","link":"https:\/\/kaunas2022.eu\/en\/kaunas-challenge\/","title":{"rendered":"Kaunas Challenge"},"content":{"rendered":"<p>[vc_row row_height_percent=&#8221;0&#8243; overlay_alpha=&#8221;50&#8243; equal_height=&#8221;yes&#8221; gutter_size=&#8221;3&#8243; column_width_percent=&#8221;100&#8243; shift_y=&#8221;0&#8243; z_index=&#8221;0&#8243;][vc_column column_width_percent=&#8221;100&#8243; position_horizontal=&#8221;left&#8221; gutter_size=&#8221;3&#8243; expand_height=&#8221;yes&#8221; overlay_alpha=&#8221;50&#8243; shift_x=&#8221;0&#8243; shift_y=&#8221;0&#8243; shift_y_down=&#8221;0&#8243; z_index=&#8221;0&#8243; medium_width=&#8221;0&#8243; mobile_width=&#8221;0&#8243; sticky=&#8221;yes&#8221; width=&#8221;1\/6&#8243; el_class=&#8221;sticky-h&#8221;][vc_empty_space empty_h=&#8221;3&#8243;][vc_custom_heading text_font=&#8221;font-555555&#8243; css_animation=&#8221;alpha-anim&#8221; medium_visibility=&#8221;yes&#8221; mobile_visibility=&#8221;yes&#8221; el_class=&#8221;sticky-heading&#8221; uncode_shortcode_id=&#8221;338137&#8243;]<\/p>\n<h1 class=\"sticky-vertical-text\">Kaunas challenge<\/h1>\n<p>[\/vc_custom_heading][vc_empty_space empty_h=&#8221;5&#8243;][\/vc_column][vc_column width=&#8221;5\/6&#8243;][vc_empty_space empty_h=&#8221;2&#8243;][vc_column_text uncode_shortcode_id=&#8221;384533&#8243;]<\/p>\n<blockquote><p>Educational programme Kaunas Challenge<br \/>\nThis programme is designed to include youth into joint creation of changes in Kaunas and its district.<\/p><\/blockquote>\n<p>[\/vc_column_text][vc_empty_space empty_h=&#8221;2&#8243;][vc_row_inner row_inner_height_percent=&#8221;0&#8243; overlay_alpha=&#8221;50&#8243; equal_height=&#8221;yes&#8221; gutter_size=&#8221;3&#8243; shift_y=&#8221;0&#8243; z_index=&#8221;0&#8243;][vc_column_inner column_width_percent=&#8221;100&#8243; position_vertical=&#8221;middle&#8221; gutter_size=&#8221;3&#8243; back_color=&#8221;color-xsdn&#8221; overlay_alpha=&#8221;50&#8243; border_color=&#8221;color-nhtu&#8221; border_style=&#8221;solid&#8221; shift_x=&#8221;0&#8243; shift_y=&#8221;0&#8243; shift_y_down=&#8221;0&#8243; z_index=&#8221;0&#8243; medium_width=&#8221;0&#8243; mobile_width=&#8221;0&#8243; width=&#8221;1\/2&#8243; css=&#8221;.vc_custom_1544101794212{border-width: 1px !important;}&#8221;][vc_gallery el_id=&#8221;gallery-135037&#8243; medias=&#8221;101840&#8243; gutter_size=&#8221;3&#8243; media_items=&#8221;media|nolink|poster,icon&#8221; screen_lg=&#8221;1000&#8243; screen_md=&#8221;600&#8243; screen_sm=&#8221;480&#8243; single_overlay_opacity=&#8221;1&#8243; single_padding=&#8221;2&#8243; uncode_shortcode_id=&#8221;213039&#8243;][\/vc_column_inner][vc_column_inner column_width_percent=&#8221;100&#8243; position_vertical=&#8221;middle&#8221; gutter_size=&#8221;3&#8243; overlay_alpha=&#8221;50&#8243; shift_x=&#8221;0&#8243; shift_y=&#8221;0&#8243; shift_y_down=&#8221;0&#8243; z_index=&#8221;0&#8243; medium_width=&#8221;0&#8243; mobile_width=&#8221;0&#8243; width=&#8221;1\/2&#8243;][vc_column_text uncode_shortcode_id=&#8221;212301&#8243;]The group of Kaunas Challenge participants (15\u00a0to 18 years) is selected every September and the programme takes place from October to March. The programme includes the analysis and creative solutions to real challenges existing in Kaunas city and its district, carrying out practical tasks, developing projects initiated by the youth and learning how to work in a team. It is an opportunity for young people to realise their ideas for the city together with the team of Kaunas 2022.<\/p>\n<p>Young people who participate in the programme can continue their activities in the alumni club, where they are empowered to learn from the existing experience and experiment implementing their own ideas. The long-term vision of the alumni club is to enable young people to create and implement one of the major events of 2022.<\/p>\n<hr \/>\n<p>Find out more about Kaunas Challenge programme:<\/p>\n<p><a href=\"https:\/\/www.facebook.com\/kaunaschallenge\/\">Facebook<\/a>\u00a0 \u00a0<a href=\"https:\/\/www.instagram.com\/kaunoissukis\/\">Instagram<\/a><\/p>\n<p>Kaunas Challenge programme carries out its activities in the TEMPO space in the Old Town of Kaunas, M. Dauk\u0161os g. 34. Stop by to become acquainted and share your ideas for the city.[\/vc_column_text][\/vc_column_inner][\/vc_row_inner][vc_empty_space empty_h=&#8221;2&#8243;][vc_separator sep_color=&#8221;,Default&#8221;][vc_row_inner row_inner_height_percent=&#8221;0&#8243; overlay_alpha=&#8221;50&#8243; gutter_size=&#8221;3&#8243; shift_y=&#8221;0&#8243; z_index=&#8221;0&#8243;][vc_column_inner column_width_percent=&#8221;80&#8243; position_horizontal=&#8221;left&#8221; position_vertical=&#8221;middle&#8221; gutter_size=&#8221;3&#8243; overlay_alpha=&#8221;50&#8243; shift_x=&#8221;0&#8243; shift_y=&#8221;0&#8243; shift_y_down=&#8221;0&#8243; z_index=&#8221;0&#8243; medium_width=&#8221;0&#8243; mobile_width=&#8221;0&#8243; width=&#8221;1\/2&#8243; el_class=&#8221;atminties-contacts&#8221;][vc_column_text uncode_shortcode_id=&#8221;117557&#8243;]<\/p>\n<h5>Programme coordinator:<\/h5>\n<p>Aurelija Pra\u0161muntait\u0117<\/p>\n<p><a href=\"mailto:aurelija@kaunas2022.eu\"><i class=\"far fa-envelope\"> <\/i> aurelija@kaunas2022.eu<\/a><\/p>\n<p>+37062635799[\/vc_column_text][\/vc_column_inner][vc_column_inner column_width_percent=&#8221;80&#8243; position_horizontal=&#8221;left&#8221; gutter_size=&#8221;3&#8243; overlay_alpha=&#8221;50&#8243; shift_x=&#8221;0&#8243; shift_y=&#8221;0&#8243; shift_y_down=&#8221;0&#8243; z_index=&#8221;0&#8243; medium_width=&#8221;0&#8243; mobile_width=&#8221;0&#8243; width=&#8221;1\/2&#8243; el_class=&#8221;atminties-contacts&#8221;][vc_column_text uncode_shortcode_id=&#8221;122626&#8243;]<\/p>\n<h5>Programme coordinator:<\/h5>\n<p>Sandra Karnilavi\u010di\u016bt\u0117<\/p>\n<p><a href=\"mailto:sandra@kaunas2022.eu\"><i class=\"far fa-envelope\"> <\/i> sandra@kaunas2022.eu<\/a><\/p>\n<p>+37065943251[\/vc_column_text][\/vc_column_inner][\/vc_row_inner][\/vc_column][\/vc_row]<\/p>\n","protected":false},"excerpt":{"rendered":"<p>[vc_row row_height_percent=&#8221;0&#8243; overlay_alpha=&#8221;50&#8243; equal_height=&#8221;yes&#8221; gutter_size=&#8221;3&#8243; column_width_percent=&#8221;100&#8243; shift_y=&#8221;0&#8243; z_index=&#8221;0&#8243;][vc_column column_width_percent=&#8221;100&#8243; position_horizontal=&#8221;left&#8221; gutter_size=&#8221;3&#8243; expand_height=&#8221;yes&#8221; overlay_alpha=&#8221;50&#8243; shift_x=&#8221;0&#8243; shift_y=&#8221;0&#8243; shift_y_down=&#8221;0&#8243; z_index=&#8221;0&#8243; medium_width=&#8221;0&#8243; mobile_width=&#8221;0&#8243; sticky=&#8221;yes&#8221; [&hellip;]<\/p>\n","protected":false},"author":1,"featured_media":0,"parent":0,"menu_order":0,"comment_status":"closed","ping_status":"closed","template":"","meta":{"footnotes":""},"class_list":["post-102090","page","type-page","status-publish","hentry"],"_links":{"self":[{"href":"https:\/\/kaunas2022.eu\/en\/wp-json\/wp\/v2\/pages\/102090","targetHints":{"allow":["GET"]}}],"collection":[{"href":"https:\/\/kaunas2022.eu\/en\/wp-json\/wp\/v2\/pages"}],"about":[{"href":"https:\/\/kaunas2022.eu\/en\/wp-json\/wp\/v2\/types\/page"}],"author":[{"embeddable":true,"href":"https:\/\/kaunas2022.eu\/en\/wp-json\/wp\/v2\/users\/1"}],"replies":[{"embeddable":true,"href":"https:\/\/kaunas2022.eu\/en\/wp-json\/wp\/v2\/comments?post=102090"}],"version-history":[{"count":6,"href":"https:\/\/kaunas2022.eu\/en\/wp-json\/wp\/v2\/pages\/102090\/revisions"}],"predecessor-version":[{"id":102096,"href":"https:\/\/kaunas2022.eu\/en\/wp-json\/wp\/v2\/pages\/102090\/revisions\/102096"}],"wp:attachment":[{"href":"https:\/\/kaunas2022.eu\/en\/wp-json\/wp\/v2\/media?parent=102090"}],"curies":[{"name":"wp","href":"https:\/\/api.w.org\/{rel}","templated":true}]}}